{"id":1151,"date":"2022-02-16T14:00:39","date_gmt":"2022-02-16T13:00:39","guid":{"rendered":"https:\/\/fpz.unizg.hr\/ztl\/?page_id=1151"},"modified":"2022-03-30T13:17:57","modified_gmt":"2022-03-30T12:17:57","slug":"o-nama","status":"publish","type":"page","link":"https:\/\/fpz.unizg.hr\/ztl\/o-nama\/","title":{"rendered":"O nama"},"content":{"rendered":"\t\t<div data-elementor-type=\"wp-page\" data-elementor-id=\"1151\" class=\"elementor elementor-1151\" data-elementor-post-type=\"page\">\r\n\t\t\t\t\t\t<section class=\"elementor-section elementor-top-section elementor-element elementor-element-134384b3 elementor-section-height-min-height elementor-section-items-stretch elementor-section-stretched elementor-section-boxed elementor-section-height-default\" data-id=\"134384b3\" data-element_type=\"section\" data-e-type=\"section\" data-settings=\"{&quot;stretch_section&quot;:&quot;section-stretched&quot;,&quot;background_background&quot;:&quot;slideshow&quot;,&quot;background_slideshow_gallery&quot;:[{&quot;id&quot;:1418,&quot;url&quot;:&quot;https:\\\/\\\/fpz.unizg.hr\\\/ztl\\\/wp-content\\\/uploads\\\/2022\\\/03\\\/iStock-538998023-scaled.jpg&quot;},{&quot;id&quot;:1419,&quot;url&quot;:&quot;https:\\\/\\\/fpz.unizg.hr\\\/ztl\\\/wp-content\\\/uploads\\\/2022\\\/03\\\/iStock-584485878-scaled.jpg&quot;},{&quot;id&quot;:1420,&quot;url&quot;:&quot;https:\\\/\\\/fpz.unizg.hr\\\/ztl\\\/wp-content\\\/uploads\\\/2022\\\/03\\\/iStock-615827982-scaled.jpg&quot;},{&quot;id&quot;:1421,&quot;url&quot;:&quot;https:\\\/\\\/fpz.unizg.hr\\\/ztl\\\/wp-content\\\/uploads\\\/2022\\\/03\\\/iStock-675938100-scaled.jpg&quot;}],&quot;background_slideshow_loop&quot;:&quot;yes&quot;,&quot;background_slideshow_slide_duration&quot;:5000,&quot;background_slideshow_slide_transition&quot;:&quot;fade&quot;,&quot;background_slideshow_transition_duration&quot;:500}\">\r\n\t\t\t\t\t\t\t<div class=\"elementor-background-overlay\"><\/div>\r\n\t\t\t\t\t\t\t<div class=\"elementor-container elementor-column-gap-default\">\r\n\t\t\t\t\t<div class=\"elementor-column elementor-col-100 elementor-top-column elementor-element elementor-element-570f6497\" data-id=\"570f6497\" data-element_type=\"column\" data-e-type=\"column\">\r\n\t\t\t<div class=\"elementor-widget-wrap elementor-element-populated\">\r\n\t\t\t\t\t\t<div class=\"elementor-element elementor-element-6bde417f elementor-widget elementor-widget-heading\" data-id=\"6bde417f\" data-element_type=\"widget\" data-e-type=\"widget\" data-widget_type=\"heading.default\">\r\n\t\t\t\t<div class=\"elementor-widget-container\">\r\n\t\t\t\t\t<h1 class=\"elementor-heading-title elementor-size-default\">O nama<\/h1>\t\t\t\t<\/div>\r\n\t\t\t\t<\/div>\r\n\t\t\t\t<div class=\"elementor-element elementor-element-604409d elementor-widget elementor-widget-text-editor\" data-id=\"604409d\" data-element_type=\"widget\" data-e-type=\"widget\" data-widget_type=\"text-editor.default\">\r\n\t\t\t\t<div class=\"elementor-widget-container\">\r\n\t\t\t\t\t\t\t\t\tZavod za transportnu logistiku osnovan je 2005. godine, kada je u procesu promjene nastavnog plana na Fakultetu prometnih znanosti uveden preddiplomski i diplomski studij \u201eITS i Logistika\u201c.\n<br><br>\nPrvi studenti na preddiplomskom studiju smjera logistike upisani su u Akademskoj godini 2007\/2008. Osnovni zadatak Zavoda je provo\u0111enje nastavnog procesa na preddiplomskom i diplomskom studiju u podru\u010dju projektiranja i optimizacije razli\u010ditih logisti\u010dkih operacija: skladi\u0161tenja, distribucije, upravljanja zalihama i prijevoza.\n<br><br>\nZavod aktivno sura\u0111uje s gospodarskim subjektima iz logisti\u010dkog sektora na podru\u010djima realizacije stru\u010dne prakse za studente logistike, stru\u010dnih posjeta te na izradi istra\u017eiva\u010dkih i stru\u010dnih projekata.\n<br><br>\nU tom smislu, cilj Zavoda je osigurati studentima preddiplomskog i diplomskog studija temeljna i primijenjena znanja iz podru\u010dja logistike, uklju\u010diti ih u istra\u017eivanja i omogu\u0107iti studentima stru\u010dnu praksu u vode\u0107im poduze\u0107ima.\n<br><br>\nDjelatnici Zavoda su sudjelovali i sudjeluju u izradi vi\u0161e me\u0111unarodnih istra\u017eiva\u010dkih projekata. Trenutno je na Zavodu zaposleno sedam djelatnika od \u010dega dva redovita profesora, jedan izvanredni profesor, tri docenta, jedan asistent.\n<br><br>\nEkspertiza Zavoda:\t\t\t\t\t\t\t\t<\/div>\r\n\t\t\t\t<\/div>\r\n\t\t\t\t<div class=\"elementor-element elementor-element-0c63da9 elementor-icon-list--layout-traditional elementor-list-item-link-full_width elementor-widget elementor-widget-icon-list\" data-id=\"0c63da9\" data-element_type=\"widget\" data-e-type=\"widget\" data-widget_type=\"icon-list.default\">\r\n\t\t\t\t<div class=\"elementor-widget-container\">\r\n\t\t\t\t\t\t\t<ul class=\"elementor-icon-list-items\">\r\n\t\t\t\t\t\t\t<li class=\"elementor-icon-list-item\">\r\n\t\t\t\t\t\t\t\t\t\t\t<span class=\"elementor-icon-list-icon\">\r\n\t\t\t\t\t\t\t<i aria-hidden=\"true\" class=\"fas fa-check\"><\/i>\t\t\t\t\t\t<\/span>\r\n\t\t\t\t\t\t\t\t\t\t<span class=\"elementor-icon-list-text\">Optimizacija logisti\u010dkih procesa (skladi\u0161ni sustavi, distribucijski sustavi, organizacija teretnog prijevoza)<\/span>\r\n\t\t\t\t\t\t\t\t\t<\/li>\r\n\t\t\t\t\t\t\t\t<li class=\"elementor-icon-list-item\">\r\n\t\t\t\t\t\t\t\t\t\t\t<span class=\"elementor-icon-list-icon\">\r\n\t\t\t\t\t\t\t<i aria-hidden=\"true\" class=\"fas fa-check\"><\/i>\t\t\t\t\t\t<\/span>\r\n\t\t\t\t\t\t\t\t\t\t<span class=\"elementor-icon-list-text\">Analiza u\u010dinkovitosti logisti\u010dkih sustava<\/span>\r\n\t\t\t\t\t\t\t\t\t<\/li>\r\n\t\t\t\t\t\t\t\t<li class=\"elementor-icon-list-item\">\r\n\t\t\t\t\t\t\t\t\t\t\t<span class=\"elementor-icon-list-icon\">\r\n\t\t\t\t\t\t\t<i aria-hidden=\"true\" class=\"fas fa-check\"><\/i>\t\t\t\t\t\t<\/span>\r\n\t\t\t\t\t\t\t\t\t\t<span class=\"elementor-icon-list-text\">Lokacijske analize<\/span>\r\n\t\t\t\t\t\t\t\t\t<\/li>\r\n\t\t\t\t\t\t\t\t<li class=\"elementor-icon-list-item\">\r\n\t\t\t\t\t\t\t\t\t\t\t<span class=\"elementor-icon-list-icon\">\r\n\t\t\t\t\t\t\t<i aria-hidden=\"true\" class=\"fas fa-check\"><\/i>\t\t\t\t\t\t<\/span>\r\n\t\t\t\t\t\t\t\t\t\t<span class=\"elementor-icon-list-text\">Sustavi za predvi\u0111anje potra\u017enje<\/span>\r\n\t\t\t\t\t\t\t\t\t<\/li>\r\n\t\t\t\t\t\t\t\t<li class=\"elementor-icon-list-item\">\r\n\t\t\t\t\t\t\t\t\t\t\t<span class=\"elementor-icon-list-icon\">\r\n\t\t\t\t\t\t\t<i aria-hidden=\"true\" class=\"fas fa-check\"><\/i>\t\t\t\t\t\t<\/span>\r\n\t\t\t\t\t\t\t\t\t\t<span class=\"elementor-icon-list-text\">Automatizacija logisti\u010dkih sustava<\/span>\r\n\t\t\t\t\t\t\t\t\t<\/li>\r\n\t\t\t\t\t\t\t\t<li class=\"elementor-icon-list-item\">\r\n\t\t\t\t\t\t\t\t\t\t\t<span class=\"elementor-icon-list-icon\">\r\n\t\t\t\t\t\t\t<i aria-hidden=\"true\" class=\"fas fa-check\"><\/i>\t\t\t\t\t\t<\/span>\r\n\t\t\t\t\t\t\t\t\t\t<span class=\"elementor-icon-list-text\">Gradska logistika<\/span>\r\n\t\t\t\t\t\t\t\t\t<\/li>\r\n\t\t\t\t\t\t\t\t<li class=\"elementor-icon-list-item\">\r\n\t\t\t\t\t\t\t\t\t\t\t<span class=\"elementor-icon-list-icon\">\r\n\t\t\t\t\t\t\t<i aria-hidden=\"true\" class=\"fas fa-check\"><\/i>\t\t\t\t\t\t<\/span>\r\n\t\t\t\t\t\t\t\t\t\t<span class=\"elementor-icon-list-text\">Upravljanje otpadom<\/span>\r\n\t\t\t\t\t\t\t\t\t<\/li>\r\n\t\t\t\t\t\t<\/ul>\r\n\t\t\t\t\t\t<\/div>\r\n\t\t\t\t<\/div>\r\n\t\t\t\t<div class=\"elementor-element elementor-element-d1f5fef elementor-widget elementor-widget-text-editor\" data-id=\"d1f5fef\" data-element_type=\"widget\" data-e-type=\"widget\" data-widget_type=\"text-editor.default\">\r\n\t\t\t\t<div class=\"elementor-widget-container\">\r\n\t\t\t\t\t\t\t\t\tZavod podupire samostalne studentske projekte, pa su se tako studenti u sklopu prve IoT konferencije u Hrvatskoj, TouchPoint, prijavili na natjecanje IoT Challenge i osvojili prvo mjesto s projektom \u201cSmart palletes\u201d.\n\n\nU sklopu aktivnosti Zavoda izra\u0111eno je <u><span style=\"color: #ffffff;\"><a style=\"color: #ffffff;\" href=\"https:\/\/fpz.unizg.hr\/ztl\/virtualno-okruzenje\/\">virtualno okru\u017eenje kontejnerskog terminala \u201eAdriatic Gate Container Teminal\u201c<\/a><\/span><\/u>.\n\n\nVirtualno okru\u017eenje koristit \u0107e se u procesu nastave na Fakultetu prometnih znanosti, kao suvremeni alat za virtualni prikaz tehnologije rada kontejnerskih terminala te za obuku novih djelatnika, ali i dodatne obuke za postoje\u0107e djelatnike terminala.\t\t\t\t\t\t\t\t<\/div>\r\n\t\t\t\t<\/div>\r\n\t\t\t\t\t<\/div>\r\n\t\t<\/div>\r\n\t\t\t\t\t<\/div>\r\n\t\t<\/section>\r\n\t\t\t\t<\/div>\r\n\t\t","protected":false},"excerpt":{"rendered":"<p>O nama Zavod za transportnu logistiku osnovan je 2005. godine, kada je u procesu promjene nastavnog plana na Fakultetu prometnih znanosti uveden preddiplomski i diplomski studij \u201eITS i Logistika\u201c. Prvi studenti na preddiplomskom studiju smjera logistike upisani su u Akademskoj godini 2007\/2008. Osnovni zadatak Zavoda je provo\u0111enje nastavnog procesa na preddiplomskom i diplomskom studiju u [&hellip;]<\/p>\n","protected":false},"author":1,"featured_media":0,"parent":0,"menu_order":4,"comment_status":"closed","ping_status":"closed","template":"","meta":{"site-sidebar-layout":"no-sidebar","site-content-layout":"page-builder","ast-site-content-layout":"default","site-content-style":"default","site-sidebar-style":"default","ast-global-header-display":"","ast-banner-title-visibility":"","ast-main-header-display":"","ast-hfb-above-header-display":"","ast-hfb-below-header-display":"","ast-hfb-mobile-header-display":"","site-post-title":"disabled","ast-breadcrumbs-content":null,"ast-featured-img":"disabled","footer-sml-layout":"","ast-disable-related-posts":"","theme-transparent-header-meta":"","adv-header-id-meta":null,"stick-header-meta":"","header-above-stick-meta":"","header-main-stick-meta":"","header-below-stick-meta":"","astra-migrate-meta-layouts":"default","ast-page-background-enabled":"default","ast-page-background-meta":{"desktop":{"background-color":"var(--ast-global-color-4)","background-image":"","background-repeat":"repeat","background-position":"center center","background-size":"auto","background-attachment":"scroll","background-type":"","background-media":"","overlay-type":"","overlay-color":"","overlay-opacity":"","overlay-gradient":""},"tablet":{"background-color":"","background-image":"","background-repeat":"repeat","background-position":"center center","background-size":"auto","background-attachment":"scroll","background-type":"","background-media":"","overlay-type":"","overlay-color":"","overlay-opacity":"","overlay-gradient":""},"mobile":{"background-color":"","background-image":"","background-repeat":"repeat","background-position":"center center","background-size":"auto","background-attachment":"scroll","background-type":"","background-media":"","overlay-type":"","overlay-color":"","overlay-opacity":"","overlay-gradient":""}},"ast-content-background-meta":{"desktop":{"background-color":"var(--ast-global-color-5)","background-image":"","background-repeat":"repeat","background-position":"center center","background-size":"auto","background-attachment":"scroll","background-type":"","background-media":"","overlay-type":"","overlay-color":"","overlay-opacity":"","overlay-gradient":""},"tablet":{"background-color":"var(--ast-global-color-5)","background-image":"","background-repeat":"repeat","background-position":"center center","background-size":"auto","background-attachment":"scroll","background-type":"","background-media":"","overlay-type":"","overlay-color":"","overlay-opacity":"","overlay-gradient":""},"mobile":{"background-color":"var(--ast-global-color-5)","background-image":"","background-repeat":"repeat","background-position":"center center","background-size":"auto","background-attachment":"scroll","background-type":"","background-media":"","overlay-type":"","overlay-color":"","overlay-opacity":"","overlay-gradient":""}},"footnotes":""},"class_list":["post-1151","page","type-page","status-publish","hentry"],"yoast_head":"<!-- This site is optimized with the Yoast SEO plugin v27.3 - https:\/\/yoast.com\/product\/yoast-seo-wordpress\/ -->\r\n<title>O nama - Zavod za transportnu logistiku<\/title>\r\n<meta name=\"robots\" content=\"index, follow, max-snippet:-1, max-image-preview:large, max-video-preview:-1\" \/>\r\n<link rel=\"canonical\" href=\"https:\/\/fpz.unizg.hr\/ztl\/o-nama\/\" \/>\r\n<meta property=\"og:locale\" content=\"en_US\" \/>\r\n<meta property=\"og:type\" content=\"article\" \/>\r\n<meta property=\"og:title\" content=\"O nama - Zavod za transportnu logistiku\" \/>\r\n<meta property=\"og:description\" content=\"O nama Zavod za transportnu logistiku osnovan je 2005. godine, kada je u procesu promjene nastavnog plana na Fakultetu prometnih znanosti uveden preddiplomski i diplomski studij \u201eITS i Logistika\u201c. Prvi studenti na preddiplomskom studiju smjera logistike upisani su u Akademskoj godini 2007\/2008. Osnovni zadatak Zavoda je provo\u0111enje nastavnog procesa na preddiplomskom i diplomskom studiju u [&hellip;]\" \/>\r\n<meta property=\"og:url\" content=\"https:\/\/fpz.unizg.hr\/ztl\/o-nama\/\" \/>\r\n<meta property=\"og:site_name\" content=\"Zavod za transportnu logistiku\" \/>\r\n<meta property=\"article:modified_time\" content=\"2022-03-30T12:17:57+00:00\" \/>\r\n<meta name=\"twitter:card\" content=\"summary_large_image\" \/>\r\n<meta name=\"twitter:label1\" content=\"Est. reading time\" \/>\n\t<meta name=\"twitter:data1\" content=\"1 minute\" \/>\r\n<script type=\"application\/ld+json\" class=\"yoast-schema-graph\">{\"@context\":\"https:\\\/\\\/schema.org\",\"@graph\":[{\"@type\":\"WebPage\",\"@id\":\"https:\\\/\\\/fpz.unizg.hr\\\/ztl\\\/o-nama\\\/\",\"url\":\"https:\\\/\\\/fpz.unizg.hr\\\/ztl\\\/o-nama\\\/\",\"name\":\"O nama - Zavod za transportnu logistiku\",\"isPartOf\":{\"@id\":\"https:\\\/\\\/fpz.unizg.hr\\\/ztl\\\/#website\"},\"datePublished\":\"2022-02-16T13:00:39+00:00\",\"dateModified\":\"2022-03-30T12:17:57+00:00\",\"breadcrumb\":{\"@id\":\"https:\\\/\\\/fpz.unizg.hr\\\/ztl\\\/o-nama\\\/#breadcrumb\"},\"inLanguage\":\"en-US\",\"potentialAction\":[{\"@type\":\"ReadAction\",\"target\":[\"https:\\\/\\\/fpz.unizg.hr\\\/ztl\\\/o-nama\\\/\"]}]},{\"@type\":\"BreadcrumbList\",\"@id\":\"https:\\\/\\\/fpz.unizg.hr\\\/ztl\\\/o-nama\\\/#breadcrumb\",\"itemListElement\":[{\"@type\":\"ListItem\",\"position\":1,\"name\":\"Home\",\"item\":\"https:\\\/\\\/fpz.unizg.hr\\\/ztl\\\/\"},{\"@type\":\"ListItem\",\"position\":2,\"name\":\"O nama\"}]},{\"@type\":\"WebSite\",\"@id\":\"https:\\\/\\\/fpz.unizg.hr\\\/ztl\\\/#website\",\"url\":\"https:\\\/\\\/fpz.unizg.hr\\\/ztl\\\/\",\"name\":\"Zavod za transportnu logistiku\",\"description\":\"\",\"publisher\":{\"@id\":\"https:\\\/\\\/fpz.unizg.hr\\\/ztl\\\/#organization\"},\"potentialAction\":[{\"@type\":\"SearchAction\",\"target\":{\"@type\":\"EntryPoint\",\"urlTemplate\":\"https:\\\/\\\/fpz.unizg.hr\\\/ztl\\\/?s={search_term_string}\"},\"query-input\":{\"@type\":\"PropertyValueSpecification\",\"valueRequired\":true,\"valueName\":\"search_term_string\"}}],\"inLanguage\":\"en-US\"},{\"@type\":\"Organization\",\"@id\":\"https:\\\/\\\/fpz.unizg.hr\\\/ztl\\\/#organization\",\"name\":\"Zavod za transportnu logistiku\",\"url\":\"https:\\\/\\\/fpz.unizg.hr\\\/ztl\\\/\",\"logo\":{\"@type\":\"ImageObject\",\"inLanguage\":\"en-US\",\"@id\":\"https:\\\/\\\/fpz.unizg.hr\\\/ztl\\\/#\\\/schema\\\/logo\\\/image\\\/\",\"url\":\"https:\\\/\\\/fpz.unizg.hr\\\/ztl\\\/wp-content\\\/uploads\\\/2022\\\/02\\\/ZTL-Logo.png\",\"contentUrl\":\"https:\\\/\\\/fpz.unizg.hr\\\/ztl\\\/wp-content\\\/uploads\\\/2022\\\/02\\\/ZTL-Logo.png\",\"width\":614,\"height\":406,\"caption\":\"Zavod za transportnu logistiku\"},\"image\":{\"@id\":\"https:\\\/\\\/fpz.unizg.hr\\\/ztl\\\/#\\\/schema\\\/logo\\\/image\\\/\"}}]}<\/script>\r\n<!-- \/ Yoast SEO plugin. -->","yoast_head_json":{"title":"O nama - Zavod za transportnu logistiku","robots":{"index":"index","follow":"follow","max-snippet":"max-snippet:-1","max-image-preview":"max-image-preview:large","max-video-preview":"max-video-preview:-1"},"canonical":"https:\/\/fpz.unizg.hr\/ztl\/o-nama\/","og_locale":"en_US","og_type":"article","og_title":"O nama - Zavod za transportnu logistiku","og_description":"O nama Zavod za transportnu logistiku osnovan je 2005. godine, kada je u procesu promjene nastavnog plana na Fakultetu prometnih znanosti uveden preddiplomski i diplomski studij \u201eITS i Logistika\u201c. Prvi studenti na preddiplomskom studiju smjera logistike upisani su u Akademskoj godini 2007\/2008. Osnovni zadatak Zavoda je provo\u0111enje nastavnog procesa na preddiplomskom i diplomskom studiju u [&hellip;]","og_url":"https:\/\/fpz.unizg.hr\/ztl\/o-nama\/","og_site_name":"Zavod za transportnu logistiku","article_modified_time":"2022-03-30T12:17:57+00:00","twitter_card":"summary_large_image","twitter_misc":{"Est. reading time":"1 minute"},"schema":{"@context":"https:\/\/schema.org","@graph":[{"@type":"WebPage","@id":"https:\/\/fpz.unizg.hr\/ztl\/o-nama\/","url":"https:\/\/fpz.unizg.hr\/ztl\/o-nama\/","name":"O nama - Zavod za transportnu logistiku","isPartOf":{"@id":"https:\/\/fpz.unizg.hr\/ztl\/#website"},"datePublished":"2022-02-16T13:00:39+00:00","dateModified":"2022-03-30T12:17:57+00:00","breadcrumb":{"@id":"https:\/\/fpz.unizg.hr\/ztl\/o-nama\/#breadcrumb"},"inLanguage":"en-US","potentialAction":[{"@type":"ReadAction","target":["https:\/\/fpz.unizg.hr\/ztl\/o-nama\/"]}]},{"@type":"BreadcrumbList","@id":"https:\/\/fpz.unizg.hr\/ztl\/o-nama\/#breadcrumb","itemListElement":[{"@type":"ListItem","position":1,"name":"Home","item":"https:\/\/fpz.unizg.hr\/ztl\/"},{"@type":"ListItem","position":2,"name":"O nama"}]},{"@type":"WebSite","@id":"https:\/\/fpz.unizg.hr\/ztl\/#website","url":"https:\/\/fpz.unizg.hr\/ztl\/","name":"Zavod za transportnu logistiku","description":"","publisher":{"@id":"https:\/\/fpz.unizg.hr\/ztl\/#organization"},"potentialAction":[{"@type":"SearchAction","target":{"@type":"EntryPoint","urlTemplate":"https:\/\/fpz.unizg.hr\/ztl\/?s={search_term_string}"},"query-input":{"@type":"PropertyValueSpecification","valueRequired":true,"valueName":"search_term_string"}}],"inLanguage":"en-US"},{"@type":"Organization","@id":"https:\/\/fpz.unizg.hr\/ztl\/#organization","name":"Zavod za transportnu logistiku","url":"https:\/\/fpz.unizg.hr\/ztl\/","logo":{"@type":"ImageObject","inLanguage":"en-US","@id":"https:\/\/fpz.unizg.hr\/ztl\/#\/schema\/logo\/image\/","url":"https:\/\/fpz.unizg.hr\/ztl\/wp-content\/uploads\/2022\/02\/ZTL-Logo.png","contentUrl":"https:\/\/fpz.unizg.hr\/ztl\/wp-content\/uploads\/2022\/02\/ZTL-Logo.png","width":614,"height":406,"caption":"Zavod za transportnu logistiku"},"image":{"@id":"https:\/\/fpz.unizg.hr\/ztl\/#\/schema\/logo\/image\/"}}]}},"_links":{"self":[{"href":"https:\/\/fpz.unizg.hr\/ztl\/wp-json\/wp\/v2\/pages\/1151","targetHints":{"allow":["GET"]}}],"collection":[{"href":"https:\/\/fpz.unizg.hr\/ztl\/wp-json\/wp\/v2\/pages"}],"about":[{"href":"https:\/\/fpz.unizg.hr\/ztl\/wp-json\/wp\/v2\/types\/page"}],"author":[{"embeddable":true,"href":"https:\/\/fpz.unizg.hr\/ztl\/wp-json\/wp\/v2\/users\/1"}],"replies":[{"embeddable":true,"href":"https:\/\/fpz.unizg.hr\/ztl\/wp-json\/wp\/v2\/comments?post=1151"}],"version-history":[{"count":71,"href":"https:\/\/fpz.unizg.hr\/ztl\/wp-json\/wp\/v2\/pages\/1151\/revisions"}],"predecessor-version":[{"id":2265,"href":"https:\/\/fpz.unizg.hr\/ztl\/wp-json\/wp\/v2\/pages\/1151\/revisions\/2265"}],"wp:attachment":[{"href":"https:\/\/fpz.unizg.hr\/ztl\/wp-json\/wp\/v2\/media?parent=1151"}],"curies":[{"name":"wp","href":"https:\/\/api.w.org\/{rel}","templated":true}]}}