{"id":2011,"date":"2022-03-27T19:57:05","date_gmt":"2022-03-27T18:57:05","guid":{"rendered":"https:\/\/fpz.unizg.hr\/ztl\/?page_id=2011"},"modified":"2022-03-30T13:17:08","modified_gmt":"2022-03-30T12:17:08","slug":"projekt-smart-pallets","status":"publish","type":"page","link":"https:\/\/fpz.unizg.hr\/ztl\/projekt-smart-pallets\/","title":{"rendered":"Smart pallets"},"content":{"rendered":"\t\t<div data-elementor-type=\"wp-page\" data-elementor-id=\"2011\" class=\"elementor elementor-2011\" data-elementor-post-type=\"page\">\r\n\t\t\t\t\t\t<section class=\"elementor-section elementor-top-section elementor-element elementor-element-c1c67ad elementor-section-height-min-height elementor-section-items-stretch elementor-section-stretched elementor-section-boxed elementor-section-height-default\" data-id=\"c1c67ad\" data-element_type=\"section\" data-e-type=\"section\" data-settings=\"{&quot;stretch_section&quot;:&quot;section-stretched&quot;,&quot;background_background&quot;:&quot;slideshow&quot;,&quot;background_slideshow_gallery&quot;:[{&quot;id&quot;:1418,&quot;url&quot;:&quot;https:\\\/\\\/fpz.unizg.hr\\\/ztl\\\/wp-content\\\/uploads\\\/2022\\\/03\\\/iStock-538998023-scaled.jpg&quot;},{&quot;id&quot;:1419,&quot;url&quot;:&quot;https:\\\/\\\/fpz.unizg.hr\\\/ztl\\\/wp-content\\\/uploads\\\/2022\\\/03\\\/iStock-584485878-scaled.jpg&quot;},{&quot;id&quot;:1420,&quot;url&quot;:&quot;https:\\\/\\\/fpz.unizg.hr\\\/ztl\\\/wp-content\\\/uploads\\\/2022\\\/03\\\/iStock-615827982-scaled.jpg&quot;},{&quot;id&quot;:1421,&quot;url&quot;:&quot;https:\\\/\\\/fpz.unizg.hr\\\/ztl\\\/wp-content\\\/uploads\\\/2022\\\/03\\\/iStock-675938100-scaled.jpg&quot;}],&quot;background_slideshow_loop&quot;:&quot;yes&quot;,&quot;background_slideshow_slide_duration&quot;:5000,&quot;background_slideshow_slide_transition&quot;:&quot;fade&quot;,&quot;background_slideshow_transition_duration&quot;:500}\">\r\n\t\t\t\t\t\t\t<div class=\"elementor-background-overlay\"><\/div>\r\n\t\t\t\t\t\t\t<div class=\"elementor-container elementor-column-gap-default\">\r\n\t\t\t\t\t<div class=\"elementor-column elementor-col-100 elementor-top-column elementor-element elementor-element-1adabe8e\" data-id=\"1adabe8e\" data-element_type=\"column\" data-e-type=\"column\">\r\n\t\t\t<div class=\"elementor-widget-wrap elementor-element-populated\">\r\n\t\t\t\t\t\t<div class=\"elementor-element elementor-element-41fc3192 elementor-widget elementor-widget-heading\" data-id=\"41fc3192\" data-element_type=\"widget\" data-e-type=\"widget\" data-widget_type=\"heading.default\">\r\n\t\t\t\t<div class=\"elementor-widget-container\">\r\n\t\t\t\t\t<h1 class=\"elementor-heading-title elementor-size-default\">Smart pallets<\/h1>\t\t\t\t<\/div>\r\n\t\t\t\t<\/div>\r\n\t\t\t\t<div class=\"elementor-element elementor-element-7d1181c elementor-widget elementor-widget-text-editor\" data-id=\"7d1181c\" data-element_type=\"widget\" data-e-type=\"widget\" data-widget_type=\"text-editor.default\">\r\n\t\t\t\t<div class=\"elementor-widget-container\">\r\n\t\t\t\t\t\t\t\t\tStudenti preddiplomskog i diplomskog studija ITS i logistika, smjera logistike, Fakulteta prometnih znanosti: Marija Matijevi\u0107, Nikolina Dujmovi\u0107, Filip Buturi\u0107, Josip Marti\u0107, Karlo Dokoza i Mislav Kralj, 16. svibnja 2019. godine, na prvoj IoT konferenciji Touchpoint u Republici Hrvatskoj ostvarili su veliki uspjeh osigurav\u0161i prvo mjesto u natjecanju IoT Challenge sa svojom idejom pod nazivom \u201eSmart Pallets\u201c.\n<br><br>\nCilj natjecanja bio je potaknuti mlade ljude na stvaranje inovativnih i korisnih rje\u0161enja, a ideja na\u0161ih studenata bazirana je na uvo\u0111enju IoT-a u logistiku te tako pobolj\u0161ati distribucijski i povratni tok paleta uz pra\u0107enje odre\u0111enih parametara\n<br><br>\nStudenti su kao nagradu dobili 20 000 kn te mogu\u0107nost savjetovanja u realizaciji svoje ideje.\t\t\t\t\t\t\t\t<\/div>\r\n\t\t\t\t<\/div>\r\n\t\t\t\t<div class=\"elementor-element elementor-element-9be4bb5 elementor--h-position-center elementor-arrows-position-inside elementor-widget elementor-widget-slides\" data-id=\"9be4bb5\" data-element_type=\"widget\" data-e-type=\"widget\" data-settings=\"{&quot;navigation&quot;:&quot;arrows&quot;,&quot;autoplay&quot;:&quot;yes&quot;,&quot;pause_on_hover&quot;:&quot;yes&quot;,&quot;pause_on_interaction&quot;:&quot;yes&quot;,&quot;autoplay_speed&quot;:5000,&quot;infinite&quot;:&quot;yes&quot;,&quot;transition&quot;:&quot;slide&quot;,&quot;transition_speed&quot;:500}\" data-widget_type=\"slides.default\">\r\n\t\t\t\t<div class=\"elementor-widget-container\">\r\n\t\t\t\t\t\t\t\t\t<div class=\"elementor-swiper\">\r\n\t\t\t\t\t<div class=\"elementor-slides-wrapper elementor-main-swiper swiper\" role=\"region\" aria-roledescription=\"carousel\" aria-label=\"Slides\" dir=\"ltr\" data-animation=\"fadeInUp\">\r\n\t\t\t\t<div class=\"swiper-wrapper elementor-slides\">\r\n\t\t\t\t\t\t\t\t\t\t<div class=\"elementor-repeater-item-0bd1053 swiper-slide\" role=\"group\" aria-roledescription=\"slide\"><div class=\"swiper-slide-bg\" role=\"img\" aria-label=\"IoT Challenge\"><\/div><div class=\"swiper-slide-inner\" ><div class=\"swiper-slide-contents\"><\/div><\/div><\/div><div class=\"elementor-repeater-item-1be0d59 swiper-slide\" role=\"group\" aria-roledescription=\"slide\"><div class=\"swiper-slide-bg\" role=\"img\" aria-label=\"\"><\/div><div class=\"swiper-slide-inner\" ><div class=\"swiper-slide-contents\"><\/div><\/div><\/div>\t\t\t\t<\/div>\r\n\t\t\t\t\t\t\t\t\t\t\t\t\t\t\t<div class=\"elementor-swiper-button elementor-swiper-button-prev\" role=\"button\" tabindex=\"0\" aria-label=\"Previous slide\">\r\n\t\t\t\t\t\t\t<i aria-hidden=\"true\" class=\"eicon-chevron-left\"><\/i>\t\t\t\t\t\t<\/div>\r\n\t\t\t\t\t\t<div class=\"elementor-swiper-button elementor-swiper-button-next\" role=\"button\" tabindex=\"0\" aria-label=\"Next slide\">\r\n\t\t\t\t\t\t\t<i aria-hidden=\"true\" class=\"eicon-chevron-right\"><\/i>\t\t\t\t\t\t<\/div>\r\n\t\t\t\t\t\t\t\t\t\t\t\t\t\t\t\t\t<\/div>\r\n\t\t\t\t<\/div>\r\n\t\t\t\t\t\t\t\t<\/div>\r\n\t\t\t\t<\/div>\r\n\t\t\t\t\t<\/div>\r\n\t\t<\/div>\r\n\t\t\t\t\t<\/div>\r\n\t\t<\/section>\r\n\t\t\t\t<\/div>\r\n\t\t","protected":false},"excerpt":{"rendered":"<p>Smart pallets Studenti preddiplomskog i diplomskog studija ITS i logistika, smjera logistike, Fakulteta prometnih znanosti: Marija Matijevi\u0107, Nikolina Dujmovi\u0107, Filip Buturi\u0107, Josip Marti\u0107, Karlo Dokoza i Mislav Kralj, 16. svibnja 2019. godine, na prvoj IoT konferenciji Touchpoint u Republici Hrvatskoj ostvarili su veliki uspjeh osigurav\u0161i prvo mjesto u natjecanju IoT Challenge sa svojom idejom pod [&hellip;]<\/p>\n","protected":false},"author":1,"featured_media":0,"parent":0,"menu_order":2,"comment_status":"closed","ping_status":"closed","template":"","meta":{"site-sidebar-layout":"no-sidebar","site-content-layout":"page-builder","ast-site-content-layout":"default","site-content-style":"default","site-sidebar-style":"default","ast-global-header-display":"","ast-banner-title-visibility":"","ast-main-header-display":"","ast-hfb-above-header-display":"","ast-hfb-below-header-display":"","ast-hfb-mobile-header-display":"","site-post-title":"disabled","ast-breadcrumbs-content":null,"ast-featured-img":"disabled","footer-sml-layout":"","ast-disable-related-posts":"","theme-transparent-header-meta":"","adv-header-id-meta":null,"stick-header-meta":"","header-above-stick-meta":"","header-main-stick-meta":"","header-below-stick-meta":"","astra-migrate-meta-layouts":"default","ast-page-background-enabled":"default","ast-page-background-meta":{"desktop":{"background-color":"var(--ast-global-color-4)","background-image":"","background-repeat":"repeat","background-position":"center center","background-size":"auto","background-attachment":"scroll","background-type":"","background-media":"","overlay-type":"","overlay-color":"","overlay-opacity":"","overlay-gradient":""},"tablet":{"background-color":"","background-image":"","background-repeat":"repeat","background-position":"center center","background-size":"auto","background-attachment":"scroll","background-type":"","background-media":"","overlay-type":"","overlay-color":"","overlay-opacity":"","overlay-gradient":""},"mobile":{"background-color":"","background-image":"","background-repeat":"repeat","background-position":"center center","background-size":"auto","background-attachment":"scroll","background-type":"","background-media":"","overlay-type":"","overlay-color":"","overlay-opacity":"","overlay-gradient":""}},"ast-content-background-meta":{"desktop":{"background-color":"var(--ast-global-color-5)","background-image":"","background-repeat":"repeat","background-position":"center center","background-size":"auto","background-attachment":"scroll","background-type":"","background-media":"","overlay-type":"","overlay-color":"","overlay-opacity":"","overlay-gradient":""},"tablet":{"background-color":"var(--ast-global-color-5)","background-image":"","background-repeat":"repeat","background-position":"center center","background-size":"auto","background-attachment":"scroll","background-type":"","background-media":"","overlay-type":"","overlay-color":"","overlay-opacity":"","overlay-gradient":""},"mobile":{"background-color":"var(--ast-global-color-5)","background-image":"","background-repeat":"repeat","background-position":"center center","background-size":"auto","background-attachment":"scroll","background-type":"","background-media":"","overlay-type":"","overlay-color":"","overlay-opacity":"","overlay-gradient":""}},"footnotes":""},"class_list":["post-2011","page","type-page","status-publish","hentry"],"yoast_head":"<!-- This site is optimized with the Yoast SEO plugin v27.4 - https:\/\/yoast.com\/product\/yoast-seo-wordpress\/ -->\r\n<title>Smart pallets - Zavod za transportnu logistiku<\/title>\r\n<meta name=\"robots\" content=\"index, follow, max-snippet:-1, max-image-preview:large, max-video-preview:-1\" \/>\r\n<link rel=\"canonical\" href=\"https:\/\/fpz.unizg.hr\/ztl\/projekt-smart-pallets\/\" \/>\r\n<meta property=\"og:locale\" content=\"en_US\" \/>\r\n<meta property=\"og:type\" content=\"article\" \/>\r\n<meta property=\"og:title\" content=\"Smart pallets - Zavod za transportnu logistiku\" \/>\r\n<meta property=\"og:description\" content=\"Smart pallets Studenti preddiplomskog i diplomskog studija ITS i logistika, smjera logistike, Fakulteta prometnih znanosti: Marija Matijevi\u0107, Nikolina Dujmovi\u0107, Filip Buturi\u0107, Josip Marti\u0107, Karlo Dokoza i Mislav Kralj, 16. svibnja 2019. godine, na prvoj IoT konferenciji Touchpoint u Republici Hrvatskoj ostvarili su veliki uspjeh osigurav\u0161i prvo mjesto u natjecanju IoT Challenge sa svojom idejom pod [&hellip;]\" \/>\r\n<meta property=\"og:url\" content=\"https:\/\/fpz.unizg.hr\/ztl\/projekt-smart-pallets\/\" \/>\r\n<meta property=\"og:site_name\" content=\"Zavod za transportnu logistiku\" \/>\r\n<meta property=\"article:modified_time\" content=\"2022-03-30T12:17:08+00:00\" \/>\r\n<meta name=\"twitter:card\" content=\"summary_large_image\" \/>\r\n<meta name=\"twitter:label1\" content=\"Est. reading time\" \/>\n\t<meta name=\"twitter:data1\" content=\"1 minute\" \/>\r\n<script type=\"application\/ld+json\" class=\"yoast-schema-graph\">{\"@context\":\"https:\\\/\\\/schema.org\",\"@graph\":[{\"@type\":\"WebPage\",\"@id\":\"https:\\\/\\\/fpz.unizg.hr\\\/ztl\\\/projekt-smart-pallets\\\/\",\"url\":\"https:\\\/\\\/fpz.unizg.hr\\\/ztl\\\/projekt-smart-pallets\\\/\",\"name\":\"Smart pallets - Zavod za transportnu logistiku\",\"isPartOf\":{\"@id\":\"https:\\\/\\\/fpz.unizg.hr\\\/ztl\\\/#website\"},\"datePublished\":\"2022-03-27T18:57:05+00:00\",\"dateModified\":\"2022-03-30T12:17:08+00:00\",\"breadcrumb\":{\"@id\":\"https:\\\/\\\/fpz.unizg.hr\\\/ztl\\\/projekt-smart-pallets\\\/#breadcrumb\"},\"inLanguage\":\"en-US\",\"potentialAction\":[{\"@type\":\"ReadAction\",\"target\":[\"https:\\\/\\\/fpz.unizg.hr\\\/ztl\\\/projekt-smart-pallets\\\/\"]}]},{\"@type\":\"BreadcrumbList\",\"@id\":\"https:\\\/\\\/fpz.unizg.hr\\\/ztl\\\/projekt-smart-pallets\\\/#breadcrumb\",\"itemListElement\":[{\"@type\":\"ListItem\",\"position\":1,\"name\":\"Home\",\"item\":\"https:\\\/\\\/fpz.unizg.hr\\\/ztl\\\/\"},{\"@type\":\"ListItem\",\"position\":2,\"name\":\"Smart pallets\"}]},{\"@type\":\"WebSite\",\"@id\":\"https:\\\/\\\/fpz.unizg.hr\\\/ztl\\\/#website\",\"url\":\"https:\\\/\\\/fpz.unizg.hr\\\/ztl\\\/\",\"name\":\"Zavod za transportnu logistiku\",\"description\":\"\",\"publisher\":{\"@id\":\"https:\\\/\\\/fpz.unizg.hr\\\/ztl\\\/#organization\"},\"potentialAction\":[{\"@type\":\"SearchAction\",\"target\":{\"@type\":\"EntryPoint\",\"urlTemplate\":\"https:\\\/\\\/fpz.unizg.hr\\\/ztl\\\/?s={search_term_string}\"},\"query-input\":{\"@type\":\"PropertyValueSpecification\",\"valueRequired\":true,\"valueName\":\"search_term_string\"}}],\"inLanguage\":\"en-US\"},{\"@type\":\"Organization\",\"@id\":\"https:\\\/\\\/fpz.unizg.hr\\\/ztl\\\/#organization\",\"name\":\"Zavod za transportnu logistiku\",\"url\":\"https:\\\/\\\/fpz.unizg.hr\\\/ztl\\\/\",\"logo\":{\"@type\":\"ImageObject\",\"inLanguage\":\"en-US\",\"@id\":\"https:\\\/\\\/fpz.unizg.hr\\\/ztl\\\/#\\\/schema\\\/logo\\\/image\\\/\",\"url\":\"https:\\\/\\\/fpz.unizg.hr\\\/ztl\\\/wp-content\\\/uploads\\\/2022\\\/02\\\/ZTL-Logo.png\",\"contentUrl\":\"https:\\\/\\\/fpz.unizg.hr\\\/ztl\\\/wp-content\\\/uploads\\\/2022\\\/02\\\/ZTL-Logo.png\",\"width\":614,\"height\":406,\"caption\":\"Zavod za transportnu logistiku\"},\"image\":{\"@id\":\"https:\\\/\\\/fpz.unizg.hr\\\/ztl\\\/#\\\/schema\\\/logo\\\/image\\\/\"}}]}<\/script>\r\n<!-- \/ Yoast SEO plugin. -->","yoast_head_json":{"title":"Smart pallets - Zavod za transportnu logistiku","robots":{"index":"index","follow":"follow","max-snippet":"max-snippet:-1","max-image-preview":"max-image-preview:large","max-video-preview":"max-video-preview:-1"},"canonical":"https:\/\/fpz.unizg.hr\/ztl\/projekt-smart-pallets\/","og_locale":"en_US","og_type":"article","og_title":"Smart pallets - Zavod za transportnu logistiku","og_description":"Smart pallets Studenti preddiplomskog i diplomskog studija ITS i logistika, smjera logistike, Fakulteta prometnih znanosti: Marija Matijevi\u0107, Nikolina Dujmovi\u0107, Filip Buturi\u0107, Josip Marti\u0107, Karlo Dokoza i Mislav Kralj, 16. svibnja 2019. godine, na prvoj IoT konferenciji Touchpoint u Republici Hrvatskoj ostvarili su veliki uspjeh osigurav\u0161i prvo mjesto u natjecanju IoT Challenge sa svojom idejom pod [&hellip;]","og_url":"https:\/\/fpz.unizg.hr\/ztl\/projekt-smart-pallets\/","og_site_name":"Zavod za transportnu logistiku","article_modified_time":"2022-03-30T12:17:08+00:00","twitter_card":"summary_large_image","twitter_misc":{"Est. reading time":"1 minute"},"schema":{"@context":"https:\/\/schema.org","@graph":[{"@type":"WebPage","@id":"https:\/\/fpz.unizg.hr\/ztl\/projekt-smart-pallets\/","url":"https:\/\/fpz.unizg.hr\/ztl\/projekt-smart-pallets\/","name":"Smart pallets - Zavod za transportnu logistiku","isPartOf":{"@id":"https:\/\/fpz.unizg.hr\/ztl\/#website"},"datePublished":"2022-03-27T18:57:05+00:00","dateModified":"2022-03-30T12:17:08+00:00","breadcrumb":{"@id":"https:\/\/fpz.unizg.hr\/ztl\/projekt-smart-pallets\/#breadcrumb"},"inLanguage":"en-US","potentialAction":[{"@type":"ReadAction","target":["https:\/\/fpz.unizg.hr\/ztl\/projekt-smart-pallets\/"]}]},{"@type":"BreadcrumbList","@id":"https:\/\/fpz.unizg.hr\/ztl\/projekt-smart-pallets\/#breadcrumb","itemListElement":[{"@type":"ListItem","position":1,"name":"Home","item":"https:\/\/fpz.unizg.hr\/ztl\/"},{"@type":"ListItem","position":2,"name":"Smart pallets"}]},{"@type":"WebSite","@id":"https:\/\/fpz.unizg.hr\/ztl\/#website","url":"https:\/\/fpz.unizg.hr\/ztl\/","name":"Zavod za transportnu logistiku","description":"","publisher":{"@id":"https:\/\/fpz.unizg.hr\/ztl\/#organization"},"potentialAction":[{"@type":"SearchAction","target":{"@type":"EntryPoint","urlTemplate":"https:\/\/fpz.unizg.hr\/ztl\/?s={search_term_string}"},"query-input":{"@type":"PropertyValueSpecification","valueRequired":true,"valueName":"search_term_string"}}],"inLanguage":"en-US"},{"@type":"Organization","@id":"https:\/\/fpz.unizg.hr\/ztl\/#organization","name":"Zavod za transportnu logistiku","url":"https:\/\/fpz.unizg.hr\/ztl\/","logo":{"@type":"ImageObject","inLanguage":"en-US","@id":"https:\/\/fpz.unizg.hr\/ztl\/#\/schema\/logo\/image\/","url":"https:\/\/fpz.unizg.hr\/ztl\/wp-content\/uploads\/2022\/02\/ZTL-Logo.png","contentUrl":"https:\/\/fpz.unizg.hr\/ztl\/wp-content\/uploads\/2022\/02\/ZTL-Logo.png","width":614,"height":406,"caption":"Zavod za transportnu logistiku"},"image":{"@id":"https:\/\/fpz.unizg.hr\/ztl\/#\/schema\/logo\/image\/"}}]}},"_links":{"self":[{"href":"https:\/\/fpz.unizg.hr\/ztl\/wp-json\/wp\/v2\/pages\/2011","targetHints":{"allow":["GET"]}}],"collection":[{"href":"https:\/\/fpz.unizg.hr\/ztl\/wp-json\/wp\/v2\/pages"}],"about":[{"href":"https:\/\/fpz.unizg.hr\/ztl\/wp-json\/wp\/v2\/types\/page"}],"author":[{"embeddable":true,"href":"https:\/\/fpz.unizg.hr\/ztl\/wp-json\/wp\/v2\/users\/1"}],"replies":[{"embeddable":true,"href":"https:\/\/fpz.unizg.hr\/ztl\/wp-json\/wp\/v2\/comments?post=2011"}],"version-history":[{"count":56,"href":"https:\/\/fpz.unizg.hr\/ztl\/wp-json\/wp\/v2\/pages\/2011\/revisions"}],"predecessor-version":[{"id":2079,"href":"https:\/\/fpz.unizg.hr\/ztl\/wp-json\/wp\/v2\/pages\/2011\/revisions\/2079"}],"wp:attachment":[{"href":"https:\/\/fpz.unizg.hr\/ztl\/wp-json\/wp\/v2\/media?parent=2011"}],"curies":[{"name":"wp","href":"https:\/\/api.w.org\/{rel}","templated":true}]}}