{"id":2080,"date":"2022-03-27T20:48:42","date_gmt":"2022-03-27T19:48:42","guid":{"rendered":"https:\/\/fpz.unizg.hr\/ztl\/?page_id=2080"},"modified":"2022-03-30T13:17:22","modified_gmt":"2022-03-30T12:17:22","slug":"virtualno-okruzenje","status":"publish","type":"page","link":"https:\/\/fpz.unizg.hr\/ztl\/virtualno-okruzenje\/","title":{"rendered":"Virtualno okru\u017eenje"},"content":{"rendered":"\t\t<div data-elementor-type=\"wp-page\" data-elementor-id=\"2080\" class=\"elementor elementor-2080\" data-elementor-post-type=\"page\">\r\n\t\t\t\t\t\t<section class=\"elementor-section elementor-top-section elementor-element elementor-element-6fa5f576 elementor-section-height-min-height elementor-section-items-stretch elementor-section-stretched elementor-section-boxed elementor-section-height-default\" data-id=\"6fa5f576\" data-element_type=\"section\" data-e-type=\"section\" data-settings=\"{&quot;stretch_section&quot;:&quot;section-stretched&quot;,&quot;background_background&quot;:&quot;slideshow&quot;,&quot;background_slideshow_gallery&quot;:[{&quot;id&quot;:1418,&quot;url&quot;:&quot;https:\\\/\\\/fpz.unizg.hr\\\/ztl\\\/wp-content\\\/uploads\\\/2022\\\/03\\\/iStock-538998023-scaled.jpg&quot;},{&quot;id&quot;:1419,&quot;url&quot;:&quot;https:\\\/\\\/fpz.unizg.hr\\\/ztl\\\/wp-content\\\/uploads\\\/2022\\\/03\\\/iStock-584485878-scaled.jpg&quot;},{&quot;id&quot;:1420,&quot;url&quot;:&quot;https:\\\/\\\/fpz.unizg.hr\\\/ztl\\\/wp-content\\\/uploads\\\/2022\\\/03\\\/iStock-615827982-scaled.jpg&quot;},{&quot;id&quot;:1421,&quot;url&quot;:&quot;https:\\\/\\\/fpz.unizg.hr\\\/ztl\\\/wp-content\\\/uploads\\\/2022\\\/03\\\/iStock-675938100-scaled.jpg&quot;}],&quot;background_slideshow_loop&quot;:&quot;yes&quot;,&quot;background_slideshow_slide_duration&quot;:5000,&quot;background_slideshow_slide_transition&quot;:&quot;fade&quot;,&quot;background_slideshow_transition_duration&quot;:500}\">\r\n\t\t\t\t\t\t\t<div class=\"elementor-background-overlay\"><\/div>\r\n\t\t\t\t\t\t\t<div class=\"elementor-container elementor-column-gap-default\">\r\n\t\t\t\t\t<div class=\"elementor-column elementor-col-100 elementor-top-column elementor-element elementor-element-3db0fb51\" data-id=\"3db0fb51\" data-element_type=\"column\" data-e-type=\"column\">\r\n\t\t\t<div class=\"elementor-widget-wrap elementor-element-populated\">\r\n\t\t\t\t\t\t<div class=\"elementor-element elementor-element-128fc9f7 elementor-widget elementor-widget-heading\" data-id=\"128fc9f7\" data-element_type=\"widget\" data-e-type=\"widget\" data-widget_type=\"heading.default\">\r\n\t\t\t\t<div class=\"elementor-widget-container\">\r\n\t\t\t\t\t<h1 class=\"elementor-heading-title elementor-size-default\">Virtualno okru\u017eenje kontejnerskog terminala \"Adriatic Gate Container Teminal\u201c<\/h1>\t\t\t\t<\/div>\r\n\t\t\t\t<\/div>\r\n\t\t\t\t<div class=\"elementor-element elementor-element-6920862 elementor-widget elementor-widget-text-editor\" data-id=\"6920862\" data-element_type=\"widget\" data-e-type=\"widget\" data-widget_type=\"text-editor.default\">\r\n\t\t\t\t<div class=\"elementor-widget-container\">\r\n\t\t\t\t\t\t\t\t\tU sklopu aktivnosti Zavoda izra\u0111eno je virtualno okru\u017eenje kontejnerskog terminala \u201eAdriatic Gate Container Teminal\u201c.\n<br><br>\nVirtualno okru\u017eenje koristit \u0107e se u procesu nastave na Fakultetu prometnih znanosti, kao suvremeni alat za virtualni prikaz tehnologije rada kontejnerskih terminala te za obuku novih djelatnika, ali i dodatne obuke za postoje\u0107e djelatnike terminala.\t\t\t\t\t\t\t\t<\/div>\r\n\t\t\t\t<\/div>\r\n\t\t\t\t<div class=\"elementor-element elementor-element-3bb570b elementor-widget elementor-widget-video\" data-id=\"3bb570b\" data-element_type=\"widget\" data-e-type=\"widget\" data-settings=\"{&quot;video_type&quot;:&quot;vimeo&quot;}\" data-widget_type=\"video.default\">\r\n\t\t\t\t<div class=\"elementor-widget-container\">\r\n\t\t\t\t\t\t\t<div class=\"elementor-wrapper elementor-open-inline\">\r\n\t\t\t<iframe class=\"elementor-video-iframe\" allowfullscreen allow=\"clipboard-write\" title=\"vimeo Video Player\" src=\"https:\/\/player.vimeo.com\/video\/692564131?color&amp;autopause=0&amp;loop=0&amp;muted=0&amp;title=0&amp;portrait=1&amp;byline=1#t=\"><\/iframe>\t\t<\/div>\r\n\t\t\t\t\t\t<\/div>\r\n\t\t\t\t<\/div>\r\n\t\t\t\t<div class=\"elementor-element elementor-element-ea98e3f elementor-widget elementor-widget-heading\" data-id=\"ea98e3f\" data-element_type=\"widget\" data-e-type=\"widget\" data-widget_type=\"heading.default\">\r\n\t\t\t\t<div class=\"elementor-widget-container\">\r\n\t\t\t\t\t<h2 class=\"elementor-heading-title elementor-size-default\">Opis projekta<\/h2>\t\t\t\t<\/div>\r\n\t\t\t\t<\/div>\r\n\t\t\t\t<div class=\"elementor-element elementor-element-2710306b elementor-widget elementor-widget-text-editor\" data-id=\"2710306b\" data-element_type=\"widget\" data-e-type=\"widget\" data-widget_type=\"text-editor.default\">\r\n\t\t\t\t<div class=\"elementor-widget-container\">\r\n\t\t\t\t\t\t\t\t\t<p>Znanstveno-istra\u017eiva\u010dki projekt iz programa Potpore za temeljno financiranje znanstvene i umjetni\u010dke djelatnosti Sveu\u010dili\u0161ta u Zagrebu.<br \/><br \/>Cilj ovog istra\u017eivanja je primjena realnih parametara mehanizacije na kontejnerskom terminalu u virtualnoj stvarnosti i izrada simulacije \u0161to realnijeg upravljanja manipulacijskim sredstvima, odnosno prikaz procesa uskla\u0111ivanja odnosa izme\u0111u tehnolo\u0161kih elemenata i tehnolo\u0161kih zahtjeva koji se javljaju u procesu rada, a posebno pohrane kontejnere na kontejnerskom terminalu.<br \/><br \/>Izradom realne virtualne stvarnosti upravljanja manipulacijskim sredstvima na kontejnerskom terminalu omogu\u0107it \u0107e kvalitetniju obuku djelatnika na kontejnerskom terminalu, a studentima Fakulteta prometnih znanosti pru\u017eiti dodatna znanja u radu kontejnerskih terminala, odnosno na\u010dinom upravljanja mehanizacijom na kontejnerskim terminalima.<br \/><br \/>Cijela virtualna stvarnost sastoji se od glavne navigacijske scene u kojoj korisnik mo\u017ee izabrati lokaciju, odnosno upravljanje jednom od tri vrste manipulacijske opreme na terminalu (dizalice).<br \/><br \/>Prvi izbor, odnosno prva scena je ukrcavanje kontejnera na brod ili iskrcavanje kontejnera s broda na kopno.<\/p><p>U ovoj sceni nalazi se teglja\u010d za prijevoz kontejnera po terminalu koji dolazi do lu\u010dke obalne dizalice s kontejnerom koji se mora ukrcati na brod.<br \/><br \/>U drugom slu\u010daju, odnosno kod iskrcaja, dolazi prazan teglja\u010d koji stane kod lu\u010dke obalne dizalice i \u010deka da se iskrca kontejner s broda te postavi na teglja\u010d.<br \/><br \/>Drugi izbor, odnosno druga scena je relociranje kontejnera na odlagali\u0161tu, odnosno odlaganje kontejnera s teglja\u010da koji razvozi kontejnere na terminalu na odlagali\u0161te koriste\u0107i opremu kontejnerski prijenosnik ili obratno.<br \/><br \/>Tre\u0107i izbor, odnosno tre\u0107a scena je ukrcavanje kontejnera na \u017eeljezni\u010dke vagone koriste\u0107i dizalicu za iskrcavanja kontejnera ili iskrcavanje kontejnera sa \u017eeljezni\u010dkih vagona na teglja\u010d koji razvoze kontejnere po kontejnerskom terminalu.<\/p>\t\t\t\t\t\t\t\t<\/div>\r\n\t\t\t\t<\/div>\r\n\t\t\t\t<div class=\"elementor-element elementor-element-4faf0f1 elementor-widget elementor-widget-gallery\" data-id=\"4faf0f1\" data-element_type=\"widget\" data-e-type=\"widget\" data-settings=\"{&quot;columns&quot;:3,&quot;lazyload&quot;:&quot;yes&quot;,&quot;gallery_layout&quot;:&quot;grid&quot;,&quot;columns_tablet&quot;:2,&quot;columns_mobile&quot;:1,&quot;gap&quot;:{&quot;unit&quot;:&quot;px&quot;,&quot;size&quot;:10,&quot;sizes&quot;:[]},&quot;gap_tablet&quot;:{&quot;unit&quot;:&quot;px&quot;,&quot;size&quot;:10,&quot;sizes&quot;:[]},&quot;gap_mobile&quot;:{&quot;unit&quot;:&quot;px&quot;,&quot;size&quot;:10,&quot;sizes&quot;:[]},&quot;aspect_ratio&quot;:&quot;3:2&quot;,&quot;overlay_background&quot;:&quot;yes&quot;,&quot;content_hover_animation&quot;:&quot;fade-in&quot;}\" data-widget_type=\"gallery.default\">\r\n\t\t\t\t<div class=\"elementor-widget-container\">\r\n\t\t\t\t\t\t\t<div class=\"elementor-gallery__container\">\r\n\t\t\t\t\t\t\t<div class=\"e-gallery-item elementor-gallery-item elementor-animated-content\">\r\n\t\t\t\t\t<div class=\"e-gallery-image elementor-gallery-item__image\" data-thumbnail=\"https:\/\/fpz.unizg.hr\/ztl\/wp-content\/uploads\/2022\/03\/VR-The-Container-Terminal-768x568.jpg\" data-width=\"768\" data-height=\"568\" aria-label=\"VR - The Container Terminal\" role=\"img\" ><\/div>\r\n\t\t\t\t\t\t\t\t\t\t\t<div class=\"elementor-gallery-item__overlay\"><\/div>\r\n\t\t\t\t\t\t\t\t\t\t\t\t\t\t<\/div>\r\n\t\t\t\t\t\t\t<div class=\"e-gallery-item elementor-gallery-item elementor-animated-content\">\r\n\t\t\t\t\t<div class=\"e-gallery-image elementor-gallery-item__image\" data-thumbnail=\"https:\/\/fpz.unizg.hr\/ztl\/wp-content\/uploads\/2022\/03\/View-of-the-first-navigation-scene-of-the-container-terminal-virtual-reality-768x366.jpg\" data-width=\"768\" data-height=\"366\" aria-label=\"View of the first navigation scene of the container terminal virtual reality\" role=\"img\" ><\/div>\r\n\t\t\t\t\t\t\t\t\t\t\t<div class=\"elementor-gallery-item__overlay\"><\/div>\r\n\t\t\t\t\t\t\t\t\t\t\t\t\t\t<\/div>\r\n\t\t\t\t\t\t\t<div class=\"e-gallery-item elementor-gallery-item elementor-animated-content\">\r\n\t\t\t\t\t<div class=\"e-gallery-image elementor-gallery-item__image\" data-thumbnail=\"https:\/\/fpz.unizg.hr\/ztl\/wp-content\/uploads\/2022\/03\/View-of-the-RTG-crane-interior-cabin-layout-768x364.jpg\" data-width=\"768\" data-height=\"364\" aria-label=\"View of the RTG crane interior cabin layout\" role=\"img\" ><\/div>\r\n\t\t\t\t\t\t\t\t\t\t\t<div class=\"elementor-gallery-item__overlay\"><\/div>\r\n\t\t\t\t\t\t\t\t\t\t\t\t\t\t<\/div>\r\n\t\t\t\t\t\t\t<div class=\"e-gallery-item elementor-gallery-item elementor-animated-content\">\r\n\t\t\t\t\t<div class=\"e-gallery-image elementor-gallery-item__image\" data-thumbnail=\"https:\/\/fpz.unizg.hr\/ztl\/wp-content\/uploads\/2022\/03\/View-of-the-second-navigation-scene-of-the-container-terminal-virtual-reality-768x364.jpg\" data-width=\"768\" data-height=\"364\" aria-label=\"View of the second navigation scene of the container terminal virtual reality\" role=\"img\" ><\/div>\r\n\t\t\t\t\t\t\t\t\t\t\t<div class=\"elementor-gallery-item__overlay\"><\/div>\r\n\t\t\t\t\t\t\t\t\t\t\t\t\t\t<\/div>\r\n\t\t\t\t\t\t\t<div class=\"e-gallery-item elementor-gallery-item elementor-animated-content\">\r\n\t\t\t\t\t<div class=\"e-gallery-image elementor-gallery-item__image\" data-thumbnail=\"https:\/\/fpz.unizg.hr\/ztl\/wp-content\/uploads\/2022\/03\/View-of-the-STS-crane-interior-cabin-layout-768x362.jpg\" data-width=\"768\" data-height=\"362\" aria-label=\"View of the STS crane interior cabin layout\" role=\"img\" ><\/div>\r\n\t\t\t\t\t\t\t\t\t\t\t<div class=\"elementor-gallery-item__overlay\"><\/div>\r\n\t\t\t\t\t\t\t\t\t\t\t\t\t\t<\/div>\r\n\t\t\t\t\t\t\t<div class=\"e-gallery-item elementor-gallery-item elementor-animated-content\">\r\n\t\t\t\t\t<div class=\"e-gallery-image elementor-gallery-item__image\" data-thumbnail=\"https:\/\/fpz.unizg.hr\/ztl\/wp-content\/uploads\/2022\/03\/View-of-the-third-navigation-scene-of-the-container-terminal-virtual-reality.jpg\" data-width=\"579\" data-height=\"275\" aria-label=\"View of the third navigation scene of the container terminal virtual reality\" role=\"img\" ><\/div>\r\n\t\t\t\t\t\t\t\t\t\t\t<div class=\"elementor-gallery-item__overlay\"><\/div>\r\n\t\t\t\t\t\t\t\t\t\t\t\t\t\t<\/div>\r\n\t\t\t\t\t<\/div>\r\n\t\t\t\t\t<\/div>\r\n\t\t\t\t<\/div>\r\n\t\t\t\t\t<\/div>\r\n\t\t<\/div>\r\n\t\t\t\t\t<\/div>\r\n\t\t<\/section>\r\n\t\t\t\t<\/div>\r\n\t\t","protected":false},"excerpt":{"rendered":"<p>Virtualno okru\u017eenje kontejnerskog terminala &#8220;Adriatic Gate Container Teminal\u201c U sklopu aktivnosti Zavoda izra\u0111eno je virtualno okru\u017eenje kontejnerskog terminala \u201eAdriatic Gate Container Teminal\u201c. Virtualno okru\u017eenje koristit \u0107e se u procesu nastave na Fakultetu prometnih znanosti, kao suvremeni alat za virtualni prikaz tehnologije rada kontejnerskih terminala te za obuku novih djelatnika, ali i dodatne obuke za postoje\u0107e [&hellip;]<\/p>\n","protected":false},"author":1,"featured_media":0,"parent":0,"menu_order":3,"comment_status":"closed","ping_status":"closed","template":"","meta":{"site-sidebar-layout":"no-sidebar","site-content-layout":"page-builder","ast-site-content-layout":"default","site-content-style":"default","site-sidebar-style":"default","ast-global-header-display":"","ast-banner-title-visibility":"","ast-main-header-display":"","ast-hfb-above-header-display":"","ast-hfb-below-header-display":"","ast-hfb-mobile-header-display":"","site-post-title":"disabled","ast-breadcrumbs-content":null,"ast-featured-img":"disabled","footer-sml-layout":"","ast-disable-related-posts":"","theme-transparent-header-meta":"","adv-header-id-meta":null,"stick-header-meta":"","header-above-stick-meta":"","header-main-stick-meta":"","header-below-stick-meta":"","astra-migrate-meta-layouts":"default","ast-page-background-enabled":"default","ast-page-background-meta":{"desktop":{"background-color":"var(--ast-global-color-4)","background-image":"","background-repeat":"repeat","background-position":"center center","background-size":"auto","background-attachment":"scroll","background-type":"","background-media":"","overlay-type":"","overlay-color":"","overlay-opacity":"","overlay-gradient":""},"tablet":{"background-color":"","background-image":"","background-repeat":"repeat","background-position":"center center","background-size":"auto","background-attachment":"scroll","background-type":"","background-media":"","overlay-type":"","overlay-color":"","overlay-opacity":"","overlay-gradient":""},"mobile":{"background-color":"","background-image":"","background-repeat":"repeat","background-position":"center center","background-size":"auto","background-attachment":"scroll","background-type":"","background-media":"","overlay-type":"","overlay-color":"","overlay-opacity":"","overlay-gradient":""}},"ast-content-background-meta":{"desktop":{"background-color":"var(--ast-global-color-5)","background-image":"","background-repeat":"repeat","background-position":"center center","background-size":"auto","background-attachment":"scroll","background-type":"","background-media":"","overlay-type":"","overlay-color":"","overlay-opacity":"","overlay-gradient":""},"tablet":{"background-color":"var(--ast-global-color-5)","background-image":"","background-repeat":"repeat","background-position":"center center","background-size":"auto","background-attachment":"scroll","background-type":"","background-media":"","overlay-type":"","overlay-color":"","overlay-opacity":"","overlay-gradient":""},"mobile":{"background-color":"var(--ast-global-color-5)","background-image":"","background-repeat":"repeat","background-position":"center center","background-size":"auto","background-attachment":"scroll","background-type":"","background-media":"","overlay-type":"","overlay-color":"","overlay-opacity":"","overlay-gradient":""}},"footnotes":""},"class_list":["post-2080","page","type-page","status-publish","hentry"],"yoast_head":"<!-- This site is optimized with the Yoast SEO plugin v27.3 - https:\/\/yoast.com\/product\/yoast-seo-wordpress\/ -->\r\n<title>Virtualno okru\u017eenje - Zavod za transportnu logistiku<\/title>\r\n<meta name=\"robots\" content=\"index, follow, max-snippet:-1, max-image-preview:large, max-video-preview:-1\" \/>\r\n<link rel=\"canonical\" href=\"https:\/\/fpz.unizg.hr\/ztl\/virtualno-okruzenje\/\" \/>\r\n<meta property=\"og:locale\" content=\"en_US\" \/>\r\n<meta property=\"og:type\" content=\"article\" \/>\r\n<meta property=\"og:title\" content=\"Virtualno okru\u017eenje - Zavod za transportnu logistiku\" \/>\r\n<meta property=\"og:description\" content=\"Virtualno okru\u017eenje kontejnerskog terminala &#8220;Adriatic Gate Container Teminal\u201c U sklopu aktivnosti Zavoda izra\u0111eno je virtualno okru\u017eenje kontejnerskog terminala \u201eAdriatic Gate Container Teminal\u201c. Virtualno okru\u017eenje koristit \u0107e se u procesu nastave na Fakultetu prometnih znanosti, kao suvremeni alat za virtualni prikaz tehnologije rada kontejnerskih terminala te za obuku novih djelatnika, ali i dodatne obuke za postoje\u0107e [&hellip;]\" \/>\r\n<meta property=\"og:url\" content=\"https:\/\/fpz.unizg.hr\/ztl\/virtualno-okruzenje\/\" \/>\r\n<meta property=\"og:site_name\" content=\"Zavod za transportnu logistiku\" \/>\r\n<meta property=\"article:modified_time\" content=\"2022-03-30T12:17:22+00:00\" \/>\r\n<meta name=\"twitter:card\" content=\"summary_large_image\" \/>\r\n<meta name=\"twitter:label1\" content=\"Est. reading time\" \/>\n\t<meta name=\"twitter:data1\" content=\"2 minutes\" \/>\r\n<script type=\"application\/ld+json\" class=\"yoast-schema-graph\">{\"@context\":\"https:\\\/\\\/schema.org\",\"@graph\":[{\"@type\":\"WebPage\",\"@id\":\"https:\\\/\\\/fpz.unizg.hr\\\/ztl\\\/virtualno-okruzenje\\\/\",\"url\":\"https:\\\/\\\/fpz.unizg.hr\\\/ztl\\\/virtualno-okruzenje\\\/\",\"name\":\"Virtualno okru\u017eenje - Zavod za transportnu logistiku\",\"isPartOf\":{\"@id\":\"https:\\\/\\\/fpz.unizg.hr\\\/ztl\\\/#website\"},\"datePublished\":\"2022-03-27T19:48:42+00:00\",\"dateModified\":\"2022-03-30T12:17:22+00:00\",\"breadcrumb\":{\"@id\":\"https:\\\/\\\/fpz.unizg.hr\\\/ztl\\\/virtualno-okruzenje\\\/#breadcrumb\"},\"inLanguage\":\"en-US\",\"potentialAction\":[{\"@type\":\"ReadAction\",\"target\":[\"https:\\\/\\\/fpz.unizg.hr\\\/ztl\\\/virtualno-okruzenje\\\/\"]}]},{\"@type\":\"BreadcrumbList\",\"@id\":\"https:\\\/\\\/fpz.unizg.hr\\\/ztl\\\/virtualno-okruzenje\\\/#breadcrumb\",\"itemListElement\":[{\"@type\":\"ListItem\",\"position\":1,\"name\":\"Home\",\"item\":\"https:\\\/\\\/fpz.unizg.hr\\\/ztl\\\/\"},{\"@type\":\"ListItem\",\"position\":2,\"name\":\"Virtualno okru\u017eenje\"}]},{\"@type\":\"WebSite\",\"@id\":\"https:\\\/\\\/fpz.unizg.hr\\\/ztl\\\/#website\",\"url\":\"https:\\\/\\\/fpz.unizg.hr\\\/ztl\\\/\",\"name\":\"Zavod za transportnu logistiku\",\"description\":\"\",\"publisher\":{\"@id\":\"https:\\\/\\\/fpz.unizg.hr\\\/ztl\\\/#organization\"},\"potentialAction\":[{\"@type\":\"SearchAction\",\"target\":{\"@type\":\"EntryPoint\",\"urlTemplate\":\"https:\\\/\\\/fpz.unizg.hr\\\/ztl\\\/?s={search_term_string}\"},\"query-input\":{\"@type\":\"PropertyValueSpecification\",\"valueRequired\":true,\"valueName\":\"search_term_string\"}}],\"inLanguage\":\"en-US\"},{\"@type\":\"Organization\",\"@id\":\"https:\\\/\\\/fpz.unizg.hr\\\/ztl\\\/#organization\",\"name\":\"Zavod za transportnu logistiku\",\"url\":\"https:\\\/\\\/fpz.unizg.hr\\\/ztl\\\/\",\"logo\":{\"@type\":\"ImageObject\",\"inLanguage\":\"en-US\",\"@id\":\"https:\\\/\\\/fpz.unizg.hr\\\/ztl\\\/#\\\/schema\\\/logo\\\/image\\\/\",\"url\":\"https:\\\/\\\/fpz.unizg.hr\\\/ztl\\\/wp-content\\\/uploads\\\/2022\\\/02\\\/ZTL-Logo.png\",\"contentUrl\":\"https:\\\/\\\/fpz.unizg.hr\\\/ztl\\\/wp-content\\\/uploads\\\/2022\\\/02\\\/ZTL-Logo.png\",\"width\":614,\"height\":406,\"caption\":\"Zavod za transportnu logistiku\"},\"image\":{\"@id\":\"https:\\\/\\\/fpz.unizg.hr\\\/ztl\\\/#\\\/schema\\\/logo\\\/image\\\/\"}}]}<\/script>\r\n<!-- \/ Yoast SEO plugin. -->","yoast_head_json":{"title":"Virtualno okru\u017eenje - Zavod za transportnu logistiku","robots":{"index":"index","follow":"follow","max-snippet":"max-snippet:-1","max-image-preview":"max-image-preview:large","max-video-preview":"max-video-preview:-1"},"canonical":"https:\/\/fpz.unizg.hr\/ztl\/virtualno-okruzenje\/","og_locale":"en_US","og_type":"article","og_title":"Virtualno okru\u017eenje - Zavod za transportnu logistiku","og_description":"Virtualno okru\u017eenje kontejnerskog terminala &#8220;Adriatic Gate Container Teminal\u201c U sklopu aktivnosti Zavoda izra\u0111eno je virtualno okru\u017eenje kontejnerskog terminala \u201eAdriatic Gate Container Teminal\u201c. Virtualno okru\u017eenje koristit \u0107e se u procesu nastave na Fakultetu prometnih znanosti, kao suvremeni alat za virtualni prikaz tehnologije rada kontejnerskih terminala te za obuku novih djelatnika, ali i dodatne obuke za postoje\u0107e [&hellip;]","og_url":"https:\/\/fpz.unizg.hr\/ztl\/virtualno-okruzenje\/","og_site_name":"Zavod za transportnu logistiku","article_modified_time":"2022-03-30T12:17:22+00:00","twitter_card":"summary_large_image","twitter_misc":{"Est. reading time":"2 minutes"},"schema":{"@context":"https:\/\/schema.org","@graph":[{"@type":"WebPage","@id":"https:\/\/fpz.unizg.hr\/ztl\/virtualno-okruzenje\/","url":"https:\/\/fpz.unizg.hr\/ztl\/virtualno-okruzenje\/","name":"Virtualno okru\u017eenje - Zavod za transportnu logistiku","isPartOf":{"@id":"https:\/\/fpz.unizg.hr\/ztl\/#website"},"datePublished":"2022-03-27T19:48:42+00:00","dateModified":"2022-03-30T12:17:22+00:00","breadcrumb":{"@id":"https:\/\/fpz.unizg.hr\/ztl\/virtualno-okruzenje\/#breadcrumb"},"inLanguage":"en-US","potentialAction":[{"@type":"ReadAction","target":["https:\/\/fpz.unizg.hr\/ztl\/virtualno-okruzenje\/"]}]},{"@type":"BreadcrumbList","@id":"https:\/\/fpz.unizg.hr\/ztl\/virtualno-okruzenje\/#breadcrumb","itemListElement":[{"@type":"ListItem","position":1,"name":"Home","item":"https:\/\/fpz.unizg.hr\/ztl\/"},{"@type":"ListItem","position":2,"name":"Virtualno okru\u017eenje"}]},{"@type":"WebSite","@id":"https:\/\/fpz.unizg.hr\/ztl\/#website","url":"https:\/\/fpz.unizg.hr\/ztl\/","name":"Zavod za transportnu logistiku","description":"","publisher":{"@id":"https:\/\/fpz.unizg.hr\/ztl\/#organization"},"potentialAction":[{"@type":"SearchAction","target":{"@type":"EntryPoint","urlTemplate":"https:\/\/fpz.unizg.hr\/ztl\/?s={search_term_string}"},"query-input":{"@type":"PropertyValueSpecification","valueRequired":true,"valueName":"search_term_string"}}],"inLanguage":"en-US"},{"@type":"Organization","@id":"https:\/\/fpz.unizg.hr\/ztl\/#organization","name":"Zavod za transportnu logistiku","url":"https:\/\/fpz.unizg.hr\/ztl\/","logo":{"@type":"ImageObject","inLanguage":"en-US","@id":"https:\/\/fpz.unizg.hr\/ztl\/#\/schema\/logo\/image\/","url":"https:\/\/fpz.unizg.hr\/ztl\/wp-content\/uploads\/2022\/02\/ZTL-Logo.png","contentUrl":"https:\/\/fpz.unizg.hr\/ztl\/wp-content\/uploads\/2022\/02\/ZTL-Logo.png","width":614,"height":406,"caption":"Zavod za transportnu logistiku"},"image":{"@id":"https:\/\/fpz.unizg.hr\/ztl\/#\/schema\/logo\/image\/"}}]}},"_links":{"self":[{"href":"https:\/\/fpz.unizg.hr\/ztl\/wp-json\/wp\/v2\/pages\/2080","targetHints":{"allow":["GET"]}}],"collection":[{"href":"https:\/\/fpz.unizg.hr\/ztl\/wp-json\/wp\/v2\/pages"}],"about":[{"href":"https:\/\/fpz.unizg.hr\/ztl\/wp-json\/wp\/v2\/types\/page"}],"author":[{"embeddable":true,"href":"https:\/\/fpz.unizg.hr\/ztl\/wp-json\/wp\/v2\/users\/1"}],"replies":[{"embeddable":true,"href":"https:\/\/fpz.unizg.hr\/ztl\/wp-json\/wp\/v2\/comments?post=2080"}],"version-history":[{"count":28,"href":"https:\/\/fpz.unizg.hr\/ztl\/wp-json\/wp\/v2\/pages\/2080\/revisions"}],"predecessor-version":[{"id":2168,"href":"https:\/\/fpz.unizg.hr\/ztl\/wp-json\/wp\/v2\/pages\/2080\/revisions\/2168"}],"wp:attachment":[{"href":"https:\/\/fpz.unizg.hr\/ztl\/wp-json\/wp\/v2\/media?parent=2080"}],"curies":[{"name":"wp","href":"https:\/\/api.w.org\/{rel}","templated":true}]}}