{"id":235,"date":"2015-04-15T17:22:52","date_gmt":"2015-04-15T16:22:52","guid":{"rendered":"http:\/\/www.fpz.unizg.hr\/ztl\/?page_id=235"},"modified":"2022-03-28T18:53:59","modified_gmt":"2022-03-28T17:53:59","slug":"medunarodna-suradnja","status":"publish","type":"page","link":"https:\/\/fpz.unizg.hr\/ztl\/medunarodna-suradnja\/","title":{"rendered":"Me\u0111unarodna suradnja"},"content":{"rendered":"\t\t<div data-elementor-type=\"wp-page\" data-elementor-id=\"235\" class=\"elementor elementor-235\" data-elementor-post-type=\"page\">\r\n\t\t\t\t\t\t<section class=\"elementor-section elementor-top-section elementor-element elementor-element-6cb8cef1 elementor-section-height-min-height elementor-section-items-stretch elementor-section-stretched elementor-section-boxed elementor-section-height-default\" data-id=\"6cb8cef1\" data-element_type=\"section\" data-e-type=\"section\" data-settings=\"{&quot;stretch_section&quot;:&quot;section-stretched&quot;,&quot;background_background&quot;:&quot;slideshow&quot;,&quot;background_slideshow_gallery&quot;:[{&quot;id&quot;:1418,&quot;url&quot;:&quot;https:\\\/\\\/fpz.unizg.hr\\\/ztl\\\/wp-content\\\/uploads\\\/2022\\\/03\\\/iStock-538998023-scaled.jpg&quot;},{&quot;id&quot;:1419,&quot;url&quot;:&quot;https:\\\/\\\/fpz.unizg.hr\\\/ztl\\\/wp-content\\\/uploads\\\/2022\\\/03\\\/iStock-584485878-scaled.jpg&quot;},{&quot;id&quot;:1420,&quot;url&quot;:&quot;https:\\\/\\\/fpz.unizg.hr\\\/ztl\\\/wp-content\\\/uploads\\\/2022\\\/03\\\/iStock-615827982-scaled.jpg&quot;},{&quot;id&quot;:1421,&quot;url&quot;:&quot;https:\\\/\\\/fpz.unizg.hr\\\/ztl\\\/wp-content\\\/uploads\\\/2022\\\/03\\\/iStock-675938100-scaled.jpg&quot;}],&quot;background_slideshow_loop&quot;:&quot;yes&quot;,&quot;background_slideshow_slide_duration&quot;:5000,&quot;background_slideshow_slide_transition&quot;:&quot;fade&quot;,&quot;background_slideshow_transition_duration&quot;:500}\">\r\n\t\t\t\t\t\t\t<div class=\"elementor-background-overlay\"><\/div>\r\n\t\t\t\t\t\t\t<div class=\"elementor-container elementor-column-gap-default\">\r\n\t\t\t\t\t<div class=\"elementor-column elementor-col-100 elementor-top-column elementor-element elementor-element-29ea2e13\" data-id=\"29ea2e13\" data-element_type=\"column\" data-e-type=\"column\">\r\n\t\t\t<div class=\"elementor-widget-wrap elementor-element-populated\">\r\n\t\t\t\t\t\t<div class=\"elementor-element elementor-element-acd9835 elementor-widget elementor-widget-heading\" data-id=\"acd9835\" data-element_type=\"widget\" data-e-type=\"widget\" data-widget_type=\"heading.default\">\r\n\t\t\t\t<div class=\"elementor-widget-container\">\r\n\t\t\t\t\t<h1 class=\"elementor-heading-title elementor-size-default\">ME\u0110UNARODNA SURADNJA<\/h1>\t\t\t\t<\/div>\r\n\t\t\t\t<\/div>\r\n\t\t\t\t<div class=\"elementor-element elementor-element-47d0d7b3 elementor-widget elementor-widget-text-editor\" data-id=\"47d0d7b3\" data-element_type=\"widget\" data-e-type=\"widget\" data-widget_type=\"text-editor.default\">\r\n\t\t\t\t<div class=\"elementor-widget-container\">\r\n\t\t\t\t\t\t\t\t\tJedna od aktivnosti Zavoda za transportnu logistiku je iniciranje razmjene nastavnika na me\u0111unarodnoj razini.\n<br><br>\nZavod ostvaruje vi\u0161egodi\u0161nju suradnju sa srodnim fakultetima u Europi, organiziraju\u0107i me\u0111unarodne skupove i predavanja na temu logistike.\n<br><br>\nOsim skupova, organiziraju se i posjeti srodnim fakultetima te ostvaruje me\u0111unarodna suradnja na istra\u017eivanjima iz odre\u0111enih podru\u010dja u svrhu kontinuiranog unapre\u0111enja Zavoda i podizanja razine kvalitete nastavnog programa. \n<br><br>\nZavod za transportnu logistiku unutar Fakulteta prometnih znanosti jedan je od organizatora me\u0111unarodnog znanstvenog skupa ZIRP, a tako\u0111er je jedna od 26 sastavnica EFLE-a (European Forum of Logistics Education) \u010dija je osnovna funkcija uspostavljanje mre\u017ee fakulteta logisti\u010dkog usmjerenja na podru\u010dju EU i izvan Europe u svrhu suradnje,  razmjene nastavnog osoblja, umre\u017eavanja i razmjene aktualnih informacija i znanja.\t\t\t\t\t\t\t\t<\/div>\r\n\t\t\t\t<\/div>\r\n\t\t\t\t\t<\/div>\r\n\t\t<\/div>\r\n\t\t\t\t\t<\/div>\r\n\t\t<\/section>\r\n\t\t\t\t<\/div>\r\n\t\t","protected":false},"excerpt":{"rendered":"<p>ME\u0110UNARODNA SURADNJA Jedna od aktivnosti Zavoda za transportnu logistiku je iniciranje razmjene nastavnika na me\u0111unarodnoj razini. Zavod ostvaruje vi\u0161egodi\u0161nju suradnju sa srodnim fakultetima u Europi, organiziraju\u0107i me\u0111unarodne skupove i predavanja na temu logistike. Osim skupova, organiziraju se i posjeti srodnim fakultetima te ostvaruje me\u0111unarodna suradnja na istra\u017eivanjima iz odre\u0111enih podru\u010dja u svrhu kontinuiranog unapre\u0111enja Zavoda [&hellip;]<\/p>\n","protected":false},"author":1,"featured_media":0,"parent":0,"menu_order":14,"comment_status":"closed","ping_status":"closed","template":"elementor_header_footer","meta":{"site-sidebar-layout":"default","site-content-layout":"","ast-site-content-layout":"default","site-content-style":"default","site-sidebar-style":"default","ast-global-header-display":"","ast-banner-title-visibility":"","ast-main-header-display":"","ast-hfb-above-header-display":"","ast-hfb-below-header-display":"","ast-hfb-mobile-header-display":"","site-post-title":"","ast-breadcrumbs-content":null,"ast-featured-img":"","footer-sml-layout":"","ast-disable-related-posts":"","theme-transparent-header-meta":"","adv-header-id-meta":null,"stick-header-meta":"","header-above-stick-meta":"","header-main-stick-meta":"","header-below-stick-meta":"","astra-migrate-meta-layouts":"default","ast-page-background-enabled":"default","ast-page-background-meta":{"desktop":{"background-color":"var(--ast-global-color-4)","background-image":"","background-repeat":"repeat","background-position":"center center","background-size":"auto","background-attachment":"scroll","background-type":"","background-media":"","overlay-type":"","overlay-color":"","overlay-opacity":"","overlay-gradient":""},"tablet":{"background-color":"","background-image":"","background-repeat":"repeat","background-position":"center center","background-size":"auto","background-attachment":"scroll","background-type":"","background-media":"","overlay-type":"","overlay-color":"","overlay-opacity":"","overlay-gradient":""},"mobile":{"background-color":"","background-image":"","background-repeat":"repeat","background-position":"center center","background-size":"auto","background-attachment":"scroll","background-type":"","background-media":"","overlay-type":"","overlay-color":"","overlay-opacity":"","overlay-gradient":""}},"ast-content-background-meta":{"desktop":{"background-color":"var(--ast-global-color-5)","background-image":"","background-repeat":"repeat","background-position":"center center","background-size":"auto","background-attachment":"scroll","background-type":"","background-media":"","overlay-type":"","overlay-color":"","overlay-opacity":"","overlay-gradient":""},"tablet":{"background-color":"var(--ast-global-color-5)","background-image":"","background-repeat":"repeat","background-position":"center center","background-size":"auto","background-attachment":"scroll","background-type":"","background-media":"","overlay-type":"","overlay-color":"","overlay-opacity":"","overlay-gradient":""},"mobile":{"background-color":"var(--ast-global-color-5)","background-image":"","background-repeat":"repeat","background-position":"center center","background-size":"auto","background-attachment":"scroll","background-type":"","background-media":"","overlay-type":"","overlay-color":"","overlay-opacity":"","overlay-gradient":""}},"footnotes":""},"class_list":["post-235","page","type-page","status-publish","hentry"],"yoast_head":"<!-- This site is optimized with the Yoast SEO plugin v27.3 - https:\/\/yoast.com\/product\/yoast-seo-wordpress\/ -->\r\n<title>Me\u0111unarodna suradnja - Zavod za transportnu logistiku<\/title>\r\n<meta name=\"robots\" content=\"index, follow, max-snippet:-1, max-image-preview:large, max-video-preview:-1\" \/>\r\n<link rel=\"canonical\" href=\"https:\/\/fpz.unizg.hr\/ztl\/medunarodna-suradnja\/\" \/>\r\n<meta property=\"og:locale\" content=\"en_US\" \/>\r\n<meta property=\"og:type\" content=\"article\" \/>\r\n<meta property=\"og:title\" content=\"Me\u0111unarodna suradnja - Zavod za transportnu logistiku\" \/>\r\n<meta property=\"og:description\" content=\"ME\u0110UNARODNA SURADNJA Jedna od aktivnosti Zavoda za transportnu logistiku je iniciranje razmjene nastavnika na me\u0111unarodnoj razini. Zavod ostvaruje vi\u0161egodi\u0161nju suradnju sa srodnim fakultetima u Europi, organiziraju\u0107i me\u0111unarodne skupove i predavanja na temu logistike. Osim skupova, organiziraju se i posjeti srodnim fakultetima te ostvaruje me\u0111unarodna suradnja na istra\u017eivanjima iz odre\u0111enih podru\u010dja u svrhu kontinuiranog unapre\u0111enja Zavoda [&hellip;]\" \/>\r\n<meta property=\"og:url\" content=\"https:\/\/fpz.unizg.hr\/ztl\/medunarodna-suradnja\/\" \/>\r\n<meta property=\"og:site_name\" content=\"Zavod za transportnu logistiku\" \/>\r\n<meta property=\"article:modified_time\" content=\"2022-03-28T17:53:59+00:00\" \/>\r\n<meta name=\"twitter:card\" content=\"summary_large_image\" \/>\r\n<meta name=\"twitter:label1\" content=\"Est. reading time\" \/>\n\t<meta name=\"twitter:data1\" content=\"1 minute\" \/>\r\n<script type=\"application\/ld+json\" class=\"yoast-schema-graph\">{\"@context\":\"https:\\\/\\\/schema.org\",\"@graph\":[{\"@type\":\"WebPage\",\"@id\":\"https:\\\/\\\/fpz.unizg.hr\\\/ztl\\\/medunarodna-suradnja\\\/\",\"url\":\"https:\\\/\\\/fpz.unizg.hr\\\/ztl\\\/medunarodna-suradnja\\\/\",\"name\":\"Me\u0111unarodna suradnja - Zavod za transportnu logistiku\",\"isPartOf\":{\"@id\":\"https:\\\/\\\/fpz.unizg.hr\\\/ztl\\\/#website\"},\"datePublished\":\"2015-04-15T16:22:52+00:00\",\"dateModified\":\"2022-03-28T17:53:59+00:00\",\"breadcrumb\":{\"@id\":\"https:\\\/\\\/fpz.unizg.hr\\\/ztl\\\/medunarodna-suradnja\\\/#breadcrumb\"},\"inLanguage\":\"en-US\",\"potentialAction\":[{\"@type\":\"ReadAction\",\"target\":[\"https:\\\/\\\/fpz.unizg.hr\\\/ztl\\\/medunarodna-suradnja\\\/\"]}]},{\"@type\":\"BreadcrumbList\",\"@id\":\"https:\\\/\\\/fpz.unizg.hr\\\/ztl\\\/medunarodna-suradnja\\\/#breadcrumb\",\"itemListElement\":[{\"@type\":\"ListItem\",\"position\":1,\"name\":\"Home\",\"item\":\"https:\\\/\\\/fpz.unizg.hr\\\/ztl\\\/\"},{\"@type\":\"ListItem\",\"position\":2,\"name\":\"Me\u0111unarodna suradnja\"}]},{\"@type\":\"WebSite\",\"@id\":\"https:\\\/\\\/fpz.unizg.hr\\\/ztl\\\/#website\",\"url\":\"https:\\\/\\\/fpz.unizg.hr\\\/ztl\\\/\",\"name\":\"Zavod za transportnu logistiku\",\"description\":\"\",\"publisher\":{\"@id\":\"https:\\\/\\\/fpz.unizg.hr\\\/ztl\\\/#organization\"},\"potentialAction\":[{\"@type\":\"SearchAction\",\"target\":{\"@type\":\"EntryPoint\",\"urlTemplate\":\"https:\\\/\\\/fpz.unizg.hr\\\/ztl\\\/?s={search_term_string}\"},\"query-input\":{\"@type\":\"PropertyValueSpecification\",\"valueRequired\":true,\"valueName\":\"search_term_string\"}}],\"inLanguage\":\"en-US\"},{\"@type\":\"Organization\",\"@id\":\"https:\\\/\\\/fpz.unizg.hr\\\/ztl\\\/#organization\",\"name\":\"Zavod za transportnu logistiku\",\"url\":\"https:\\\/\\\/fpz.unizg.hr\\\/ztl\\\/\",\"logo\":{\"@type\":\"ImageObject\",\"inLanguage\":\"en-US\",\"@id\":\"https:\\\/\\\/fpz.unizg.hr\\\/ztl\\\/#\\\/schema\\\/logo\\\/image\\\/\",\"url\":\"https:\\\/\\\/fpz.unizg.hr\\\/ztl\\\/wp-content\\\/uploads\\\/2022\\\/02\\\/ZTL-Logo.png\",\"contentUrl\":\"https:\\\/\\\/fpz.unizg.hr\\\/ztl\\\/wp-content\\\/uploads\\\/2022\\\/02\\\/ZTL-Logo.png\",\"width\":614,\"height\":406,\"caption\":\"Zavod za transportnu logistiku\"},\"image\":{\"@id\":\"https:\\\/\\\/fpz.unizg.hr\\\/ztl\\\/#\\\/schema\\\/logo\\\/image\\\/\"}}]}<\/script>\r\n<!-- \/ Yoast SEO plugin. -->","yoast_head_json":{"title":"Me\u0111unarodna suradnja - Zavod za transportnu logistiku","robots":{"index":"index","follow":"follow","max-snippet":"max-snippet:-1","max-image-preview":"max-image-preview:large","max-video-preview":"max-video-preview:-1"},"canonical":"https:\/\/fpz.unizg.hr\/ztl\/medunarodna-suradnja\/","og_locale":"en_US","og_type":"article","og_title":"Me\u0111unarodna suradnja - Zavod za transportnu logistiku","og_description":"ME\u0110UNARODNA SURADNJA Jedna od aktivnosti Zavoda za transportnu logistiku je iniciranje razmjene nastavnika na me\u0111unarodnoj razini. Zavod ostvaruje vi\u0161egodi\u0161nju suradnju sa srodnim fakultetima u Europi, organiziraju\u0107i me\u0111unarodne skupove i predavanja na temu logistike. Osim skupova, organiziraju se i posjeti srodnim fakultetima te ostvaruje me\u0111unarodna suradnja na istra\u017eivanjima iz odre\u0111enih podru\u010dja u svrhu kontinuiranog unapre\u0111enja Zavoda [&hellip;]","og_url":"https:\/\/fpz.unizg.hr\/ztl\/medunarodna-suradnja\/","og_site_name":"Zavod za transportnu logistiku","article_modified_time":"2022-03-28T17:53:59+00:00","twitter_card":"summary_large_image","twitter_misc":{"Est. reading time":"1 minute"},"schema":{"@context":"https:\/\/schema.org","@graph":[{"@type":"WebPage","@id":"https:\/\/fpz.unizg.hr\/ztl\/medunarodna-suradnja\/","url":"https:\/\/fpz.unizg.hr\/ztl\/medunarodna-suradnja\/","name":"Me\u0111unarodna suradnja - Zavod za transportnu logistiku","isPartOf":{"@id":"https:\/\/fpz.unizg.hr\/ztl\/#website"},"datePublished":"2015-04-15T16:22:52+00:00","dateModified":"2022-03-28T17:53:59+00:00","breadcrumb":{"@id":"https:\/\/fpz.unizg.hr\/ztl\/medunarodna-suradnja\/#breadcrumb"},"inLanguage":"en-US","potentialAction":[{"@type":"ReadAction","target":["https:\/\/fpz.unizg.hr\/ztl\/medunarodna-suradnja\/"]}]},{"@type":"BreadcrumbList","@id":"https:\/\/fpz.unizg.hr\/ztl\/medunarodna-suradnja\/#breadcrumb","itemListElement":[{"@type":"ListItem","position":1,"name":"Home","item":"https:\/\/fpz.unizg.hr\/ztl\/"},{"@type":"ListItem","position":2,"name":"Me\u0111unarodna suradnja"}]},{"@type":"WebSite","@id":"https:\/\/fpz.unizg.hr\/ztl\/#website","url":"https:\/\/fpz.unizg.hr\/ztl\/","name":"Zavod za transportnu logistiku","description":"","publisher":{"@id":"https:\/\/fpz.unizg.hr\/ztl\/#organization"},"potentialAction":[{"@type":"SearchAction","target":{"@type":"EntryPoint","urlTemplate":"https:\/\/fpz.unizg.hr\/ztl\/?s={search_term_string}"},"query-input":{"@type":"PropertyValueSpecification","valueRequired":true,"valueName":"search_term_string"}}],"inLanguage":"en-US"},{"@type":"Organization","@id":"https:\/\/fpz.unizg.hr\/ztl\/#organization","name":"Zavod za transportnu logistiku","url":"https:\/\/fpz.unizg.hr\/ztl\/","logo":{"@type":"ImageObject","inLanguage":"en-US","@id":"https:\/\/fpz.unizg.hr\/ztl\/#\/schema\/logo\/image\/","url":"https:\/\/fpz.unizg.hr\/ztl\/wp-content\/uploads\/2022\/02\/ZTL-Logo.png","contentUrl":"https:\/\/fpz.unizg.hr\/ztl\/wp-content\/uploads\/2022\/02\/ZTL-Logo.png","width":614,"height":406,"caption":"Zavod za transportnu logistiku"},"image":{"@id":"https:\/\/fpz.unizg.hr\/ztl\/#\/schema\/logo\/image\/"}}]}},"_links":{"self":[{"href":"https:\/\/fpz.unizg.hr\/ztl\/wp-json\/wp\/v2\/pages\/235","targetHints":{"allow":["GET"]}}],"collection":[{"href":"https:\/\/fpz.unizg.hr\/ztl\/wp-json\/wp\/v2\/pages"}],"about":[{"href":"https:\/\/fpz.unizg.hr\/ztl\/wp-json\/wp\/v2\/types\/page"}],"author":[{"embeddable":true,"href":"https:\/\/fpz.unizg.hr\/ztl\/wp-json\/wp\/v2\/users\/1"}],"replies":[{"embeddable":true,"href":"https:\/\/fpz.unizg.hr\/ztl\/wp-json\/wp\/v2\/comments?post=235"}],"version-history":[{"count":20,"href":"https:\/\/fpz.unizg.hr\/ztl\/wp-json\/wp\/v2\/pages\/235\/revisions"}],"predecessor-version":[{"id":2271,"href":"https:\/\/fpz.unizg.hr\/ztl\/wp-json\/wp\/v2\/pages\/235\/revisions\/2271"}],"wp:attachment":[{"href":"https:\/\/fpz.unizg.hr\/ztl\/wp-json\/wp\/v2\/media?parent=235"}],"curies":[{"name":"wp","href":"https:\/\/api.w.org\/{rel}","templated":true}]}}