{"id":31,"date":"2013-01-10T11:56:50","date_gmt":"2013-01-10T10:56:50","guid":{"rendered":"http:\/\/www.fpz.unizg.hr\/ztl\/?page_id=31"},"modified":"2022-03-30T13:19:41","modified_gmt":"2022-03-30T12:19:41","slug":"projekti","status":"publish","type":"page","link":"https:\/\/fpz.unizg.hr\/ztl\/projekti\/","title":{"rendered":"Projekti"},"content":{"rendered":"\t\t<div data-elementor-type=\"wp-page\" data-elementor-id=\"31\" class=\"elementor elementor-31\" data-elementor-post-type=\"page\">\r\n\t\t\t\t\t\t<section class=\"elementor-section elementor-top-section elementor-element elementor-element-7df017c4 elementor-section-height-min-height elementor-section-items-stretch elementor-section-stretched elementor-section-boxed elementor-section-height-default\" data-id=\"7df017c4\" data-element_type=\"section\" data-e-type=\"section\" data-settings=\"{&quot;stretch_section&quot;:&quot;section-stretched&quot;,&quot;background_background&quot;:&quot;slideshow&quot;,&quot;background_slideshow_gallery&quot;:[{&quot;id&quot;:1418,&quot;url&quot;:&quot;https:\\\/\\\/fpz.unizg.hr\\\/ztl\\\/wp-content\\\/uploads\\\/2022\\\/03\\\/iStock-538998023-scaled.jpg&quot;},{&quot;id&quot;:1419,&quot;url&quot;:&quot;https:\\\/\\\/fpz.unizg.hr\\\/ztl\\\/wp-content\\\/uploads\\\/2022\\\/03\\\/iStock-584485878-scaled.jpg&quot;},{&quot;id&quot;:1420,&quot;url&quot;:&quot;https:\\\/\\\/fpz.unizg.hr\\\/ztl\\\/wp-content\\\/uploads\\\/2022\\\/03\\\/iStock-615827982-scaled.jpg&quot;},{&quot;id&quot;:1421,&quot;url&quot;:&quot;https:\\\/\\\/fpz.unizg.hr\\\/ztl\\\/wp-content\\\/uploads\\\/2022\\\/03\\\/iStock-675938100-scaled.jpg&quot;}],&quot;background_slideshow_loop&quot;:&quot;yes&quot;,&quot;background_slideshow_slide_duration&quot;:5000,&quot;background_slideshow_slide_transition&quot;:&quot;fade&quot;,&quot;background_slideshow_transition_duration&quot;:500}\">\r\n\t\t\t\t\t\t\t<div class=\"elementor-background-overlay\"><\/div>\r\n\t\t\t\t\t\t\t<div class=\"elementor-container elementor-column-gap-default\">\r\n\t\t\t\t\t<div class=\"elementor-column elementor-col-100 elementor-top-column elementor-element elementor-element-6ff6594c\" data-id=\"6ff6594c\" data-element_type=\"column\" data-e-type=\"column\">\r\n\t\t\t<div class=\"elementor-widget-wrap elementor-element-populated\">\r\n\t\t\t\t\t\t<div class=\"elementor-element elementor-element-4774e315 elementor-widget elementor-widget-heading\" data-id=\"4774e315\" data-element_type=\"widget\" data-e-type=\"widget\" data-widget_type=\"heading.default\">\r\n\t\t\t\t<div class=\"elementor-widget-container\">\r\n\t\t\t\t\t<h1 class=\"elementor-heading-title elementor-size-default\">PROJEKTI<\/h1>\t\t\t\t<\/div>\r\n\t\t\t\t<\/div>\r\n\t\t\t\t<div class=\"elementor-element elementor-element-e699f1d elementor-icon-list--layout-traditional elementor-list-item-link-full_width elementor-widget elementor-widget-icon-list\" data-id=\"e699f1d\" data-element_type=\"widget\" data-e-type=\"widget\" data-widget_type=\"icon-list.default\">\r\n\t\t\t\t<div class=\"elementor-widget-container\">\r\n\t\t\t\t\t\t\t<ul class=\"elementor-icon-list-items\">\r\n\t\t\t\t\t\t\t<li class=\"elementor-icon-list-item\">\r\n\t\t\t\t\t\t\t\t\t\t\t<span class=\"elementor-icon-list-icon\">\r\n\t\t\t\t\t\t\t<i aria-hidden=\"true\" class=\"fas fa-check\"><\/i>\t\t\t\t\t\t<\/span>\r\n\t\t\t\t\t\t\t\t\t\t<span class=\"elementor-icon-list-text\">Analiza logisti\u010dkih procesa u LDC Sesvete i prijedlozi automatizacije procesa, SL, 2021., stru\u010dni projekt<\/span>\r\n\t\t\t\t\t\t\t\t\t<\/li>\r\n\t\t\t\t\t\t\t\t<li class=\"elementor-icon-list-item\">\r\n\t\t\t\t\t\t\t\t\t\t\t<span class=\"elementor-icon-list-icon\">\r\n\t\t\t\t\t\t\t<i aria-hidden=\"true\" class=\"fas fa-check\"><\/i>\t\t\t\t\t\t<\/span>\r\n\t\t\t\t\t\t\t\t\t\t<span class=\"elementor-icon-list-text\">Optimizacija skladi\u0161nog sustava tvrtke Medikor d.o.o, Medikor, 2021., stru\u010dni projekt<\/span>\r\n\t\t\t\t\t\t\t\t\t<\/li>\r\n\t\t\t\t\t\t\t\t<li class=\"elementor-icon-list-item\">\r\n\t\t\t\t\t\t\t\t\t\t\t<span class=\"elementor-icon-list-icon\">\r\n\t\t\t\t\t\t\t<i aria-hidden=\"true\" class=\"fas fa-check\"><\/i>\t\t\t\t\t\t<\/span>\r\n\t\t\t\t\t\t\t\t\t\t<span class=\"elementor-icon-list-text\">Analiza potreba za dostavnim mjestima na podru\u010dju tr\u017enica u gradu Zagrebu, GZ 2020, stru\u010dni projekt <\/span>\r\n\t\t\t\t\t\t\t\t\t<\/li>\r\n\t\t\t\t\t\t\t\t<li class=\"elementor-icon-list-item\">\r\n\t\t\t\t\t\t\t\t\t\t\t<span class=\"elementor-icon-list-icon\">\r\n\t\t\t\t\t\t\t<i aria-hidden=\"true\" class=\"fas fa-check\"><\/i>\t\t\t\t\t\t<\/span>\r\n\t\t\t\t\t\t\t\t\t\t<span class=\"elementor-icon-list-text\">Optimiranje logisti\u010dkih procesa uklanjanja neispravnih vozila s dr\u017eavnih cesta, HC 2020, stru\u010dni projekt<\/span>\r\n\t\t\t\t\t\t\t\t\t<\/li>\r\n\t\t\t\t\t\t\t\t<li class=\"elementor-icon-list-item\">\r\n\t\t\t\t\t\t\t\t\t\t\t<span class=\"elementor-icon-list-icon\">\r\n\t\t\t\t\t\t\t<i aria-hidden=\"true\" class=\"fas fa-check\"><\/i>\t\t\t\t\t\t<\/span>\r\n\t\t\t\t\t\t\t\t\t\t<span class=\"elementor-icon-list-text\">Analiza organizacijske strukture voznog parka tvrtke Hrvatska po\u0161ta, HP 2019, stru\u010dni projekt<\/span>\r\n\t\t\t\t\t\t\t\t\t<\/li>\r\n\t\t\t\t\t\t\t\t<li class=\"elementor-icon-list-item\">\r\n\t\t\t\t\t\t\t\t\t\t\t<span class=\"elementor-icon-list-icon\">\r\n\t\t\t\t\t\t\t<i aria-hidden=\"true\" class=\"fas fa-check\"><\/i>\t\t\t\t\t\t<\/span>\r\n\t\t\t\t\t\t\t\t\t\t<span class=\"elementor-icon-list-text\">Studija isplativosti-TLC Vukovarsko srijemske \u017eupanije, VS\u017d, 2019., stru\u010dni projekt<\/span>\r\n\t\t\t\t\t\t\t\t\t<\/li>\r\n\t\t\t\t\t\t\t\t<li class=\"elementor-icon-list-item\">\r\n\t\t\t\t\t\t\t\t\t\t\t<span class=\"elementor-icon-list-icon\">\r\n\t\t\t\t\t\t\t<i aria-hidden=\"true\" class=\"fas fa-check\"><\/i>\t\t\t\t\t\t<\/span>\r\n\t\t\t\t\t\t\t\t\t\t<span class=\"elementor-icon-list-text\">Primjena tehnologije pro\u0161irene stvarnosti u skladi\u0161nom procesu prikupljanja, 2018-2019.<\/span>\r\n\t\t\t\t\t\t\t\t\t<\/li>\r\n\t\t\t\t\t\t\t\t<li class=\"elementor-icon-list-item\">\r\n\t\t\t\t\t\t\t\t\t\t\t<span class=\"elementor-icon-list-icon\">\r\n\t\t\t\t\t\t\t<i aria-hidden=\"true\" class=\"fas fa-check\"><\/i>\t\t\t\t\t\t<\/span>\r\n\t\t\t\t\t\t\t\t\t\t<span class=\"elementor-icon-list-text\">Analiza postoje\u0107eg stanja sustava prikupljanja i odvoza otpada na podru\u010dju grada Velike Gorice, GVG,2018, stru\u010dni projekt<\/span>\r\n\t\t\t\t\t\t\t\t\t<\/li>\r\n\t\t\t\t\t\t\t\t<li class=\"elementor-icon-list-item\">\r\n\t\t\t\t\t\t\t\t\t\t\t<span class=\"elementor-icon-list-icon\">\r\n\t\t\t\t\t\t\t<i aria-hidden=\"true\" class=\"fas fa-check\"><\/i>\t\t\t\t\t\t<\/span>\r\n\t\t\t\t\t\t\t\t\t\t<span class=\"elementor-icon-list-text\">Primjena tehnologije virtualnog okru\u017eenja i vizualne detekcije u unapre\u0111enju logisti\u010dkih procesa,  2017-2018<\/span>\r\n\t\t\t\t\t\t\t\t\t<\/li>\r\n\t\t\t\t\t\t\t\t<li class=\"elementor-icon-list-item\">\r\n\t\t\t\t\t\t\t\t\t\t\t<span class=\"elementor-icon-list-icon\">\r\n\t\t\t\t\t\t\t<i aria-hidden=\"true\" class=\"fas fa-check\"><\/i>\t\t\t\t\t\t<\/span>\r\n\t\t\t\t\t\t\t\t\t\t<span class=\"elementor-icon-list-text\">Optimizacija skladi\u0161nog sustava tvrtke PIK Vrbovec d.d, PIK 2016, stru\u010dni projekt<\/span>\r\n\t\t\t\t\t\t\t\t\t<\/li>\r\n\t\t\t\t\t\t\t\t<li class=\"elementor-icon-list-item\">\r\n\t\t\t\t\t\t\t\t\t\t\t<span class=\"elementor-icon-list-icon\">\r\n\t\t\t\t\t\t\t<i aria-hidden=\"true\" class=\"fas fa-check\"><\/i>\t\t\t\t\t\t<\/span>\r\n\t\t\t\t\t\t\t\t\t\t<span class=\"elementor-icon-list-text\">Optimizacija skladi\u0161nog sustava tvrtke Zvijezda d.d., Zvijezda 2016., stru\u010dni projekt<\/span>\r\n\t\t\t\t\t\t\t\t\t<\/li>\r\n\t\t\t\t\t\t\t\t<li class=\"elementor-icon-list-item\">\r\n\t\t\t\t\t\t\t\t\t\t\t<span class=\"elementor-icon-list-icon\">\r\n\t\t\t\t\t\t\t<i aria-hidden=\"true\" class=\"fas fa-check\"><\/i>\t\t\t\t\t\t<\/span>\r\n\t\t\t\t\t\t\t\t\t\t<span class=\"elementor-icon-list-text\">Studija izra\u010duna prijevoznih tro\u0161kova sustava gospodarenja otpadom, FZO 2015, stru\u010dni projekt<\/span>\r\n\t\t\t\t\t\t\t\t\t<\/li>\r\n\t\t\t\t\t\t\t\t<li class=\"elementor-icon-list-item\">\r\n\t\t\t\t\t\t\t\t\t\t\t<span class=\"elementor-icon-list-icon\">\r\n\t\t\t\t\t\t\t<i aria-hidden=\"true\" class=\"fas fa-check\"><\/i>\t\t\t\t\t\t<\/span>\r\n\t\t\t\t\t\t\t\t\t\t<span class=\"elementor-icon-list-text\">Analiza stanja prijevozne potra\u017enje u autobusnom gradsko prigradskom prometu sa studijom opravdanosti i CBA analizom uvo\u0111enja ekolo\u0161ki odr\u017eivih autobusnih vozila, G\u0160, 2014., stru\u010dni projekt<\/span>\r\n\t\t\t\t\t\t\t\t\t<\/li>\r\n\t\t\t\t\t\t\t\t<li class=\"elementor-icon-list-item\">\r\n\t\t\t\t\t\t\t\t\t\t\t<span class=\"elementor-icon-list-icon\">\r\n\t\t\t\t\t\t\t<i aria-hidden=\"true\" class=\"fas fa-check\"><\/i>\t\t\t\t\t\t<\/span>\r\n\t\t\t\t\t\t\t\t\t\t<span class=\"elementor-icon-list-text\">TRAILBLAZER, 2011 \u2013 2013, znanstveni projekt<\/span>\r\n\t\t\t\t\t\t\t\t\t<\/li>\r\n\t\t\t\t\t\t<\/ul>\r\n\t\t\t\t\t\t<\/div>\r\n\t\t\t\t<\/div>\r\n\t\t\t\t\t<\/div>\r\n\t\t<\/div>\r\n\t\t\t\t\t<\/div>\r\n\t\t<\/section>\r\n\t\t\t\t<\/div>\r\n\t\t","protected":false},"excerpt":{"rendered":"<p>PROJEKTI Analiza logisti\u010dkih procesa u LDC Sesvete i prijedlozi automatizacije procesa, SL, 2021., stru\u010dni projekt Optimizacija skladi\u0161nog sustava tvrtke Medikor d.o.o, Medikor, 2021., stru\u010dni projekt Analiza potreba za dostavnim mjestima na podru\u010dju tr\u017enica u gradu Zagrebu, GZ 2020, stru\u010dni projekt Optimiranje logisti\u010dkih procesa uklanjanja neispravnih vozila s dr\u017eavnih cesta, HC 2020, stru\u010dni projekt Analiza organizacijske [&hellip;]<\/p>\n","protected":false},"author":1,"featured_media":0,"parent":0,"menu_order":8,"comment_status":"closed","ping_status":"closed","template":"elementor_header_footer","meta":{"site-sidebar-layout":"no-sidebar","site-content-layout":"page-builder","ast-site-content-layout":"default","site-content-style":"default","site-sidebar-style":"default","ast-global-header-display":"","ast-banner-title-visibility":"","ast-main-header-display":"","ast-hfb-above-header-display":"","ast-hfb-below-header-display":"","ast-hfb-mobile-header-display":"","site-post-title":"disabled","ast-breadcrumbs-content":null,"ast-featured-img":"disabled","footer-sml-layout":"","ast-disable-related-posts":"","theme-transparent-header-meta":"","adv-header-id-meta":null,"stick-header-meta":"","header-above-stick-meta":"","header-main-stick-meta":"","header-below-stick-meta":"","astra-migrate-meta-layouts":"default","ast-page-background-enabled":"default","ast-page-background-meta":{"desktop":{"background-color":"var(--ast-global-color-4)","background-image":"","background-repeat":"repeat","background-position":"center center","background-size":"auto","background-attachment":"scroll","background-type":"","background-media":"","overlay-type":"","overlay-color":"","overlay-opacity":"","overlay-gradient":""},"tablet":{"background-color":"","background-image":"","background-repeat":"repeat","background-position":"center center","background-size":"auto","background-attachment":"scroll","background-type":"","background-media":"","overlay-type":"","overlay-color":"","overlay-opacity":"","overlay-gradient":""},"mobile":{"background-color":"","background-image":"","background-repeat":"repeat","background-position":"center center","background-size":"auto","background-attachment":"scroll","background-type":"","background-media":"","overlay-type":"","overlay-color":"","overlay-opacity":"","overlay-gradient":""}},"ast-content-background-meta":{"desktop":{"background-color":"var(--ast-global-color-5)","background-image":"","background-repeat":"repeat","background-position":"center center","background-size":"auto","background-attachment":"scroll","background-type":"","background-media":"","overlay-type":"","overlay-color":"","overlay-opacity":"","overlay-gradient":""},"tablet":{"background-color":"var(--ast-global-color-5)","background-image":"","background-repeat":"repeat","background-position":"center center","background-size":"auto","background-attachment":"scroll","background-type":"","background-media":"","overlay-type":"","overlay-color":"","overlay-opacity":"","overlay-gradient":""},"mobile":{"background-color":"var(--ast-global-color-5)","background-image":"","background-repeat":"repeat","background-position":"center center","background-size":"auto","background-attachment":"scroll","background-type":"","background-media":"","overlay-type":"","overlay-color":"","overlay-opacity":"","overlay-gradient":""}},"footnotes":""},"class_list":["post-31","page","type-page","status-publish","hentry"],"yoast_head":"<!-- This site is optimized with the Yoast SEO plugin v27.3 - https:\/\/yoast.com\/product\/yoast-seo-wordpress\/ -->\r\n<title>Projekti - Zavod za transportnu logistiku<\/title>\r\n<meta name=\"robots\" content=\"index, follow, max-snippet:-1, max-image-preview:large, max-video-preview:-1\" \/>\r\n<link rel=\"canonical\" href=\"https:\/\/fpz.unizg.hr\/ztl\/projekti\/\" \/>\r\n<meta property=\"og:locale\" content=\"en_US\" \/>\r\n<meta property=\"og:type\" content=\"article\" \/>\r\n<meta property=\"og:title\" content=\"Projekti - Zavod za transportnu logistiku\" \/>\r\n<meta property=\"og:description\" content=\"PROJEKTI Analiza logisti\u010dkih procesa u LDC Sesvete i prijedlozi automatizacije procesa, SL, 2021., stru\u010dni projekt Optimizacija skladi\u0161nog sustava tvrtke Medikor d.o.o, Medikor, 2021., stru\u010dni projekt Analiza potreba za dostavnim mjestima na podru\u010dju tr\u017enica u gradu Zagrebu, GZ 2020, stru\u010dni projekt Optimiranje logisti\u010dkih procesa uklanjanja neispravnih vozila s dr\u017eavnih cesta, HC 2020, stru\u010dni projekt Analiza organizacijske [&hellip;]\" \/>\r\n<meta property=\"og:url\" content=\"https:\/\/fpz.unizg.hr\/ztl\/projekti\/\" \/>\r\n<meta property=\"og:site_name\" content=\"Zavod za transportnu logistiku\" \/>\r\n<meta property=\"article:modified_time\" content=\"2022-03-30T12:19:41+00:00\" \/>\r\n<meta name=\"twitter:card\" content=\"summary_large_image\" \/>\r\n<meta name=\"twitter:label1\" content=\"Est. reading time\" \/>\n\t<meta name=\"twitter:data1\" content=\"1 minute\" \/>\r\n<script type=\"application\/ld+json\" class=\"yoast-schema-graph\">{\"@context\":\"https:\\\/\\\/schema.org\",\"@graph\":[{\"@type\":\"WebPage\",\"@id\":\"https:\\\/\\\/fpz.unizg.hr\\\/ztl\\\/projekti\\\/\",\"url\":\"https:\\\/\\\/fpz.unizg.hr\\\/ztl\\\/projekti\\\/\",\"name\":\"Projekti - Zavod za transportnu logistiku\",\"isPartOf\":{\"@id\":\"https:\\\/\\\/fpz.unizg.hr\\\/ztl\\\/#website\"},\"datePublished\":\"2013-01-10T10:56:50+00:00\",\"dateModified\":\"2022-03-30T12:19:41+00:00\",\"breadcrumb\":{\"@id\":\"https:\\\/\\\/fpz.unizg.hr\\\/ztl\\\/projekti\\\/#breadcrumb\"},\"inLanguage\":\"en-US\",\"potentialAction\":[{\"@type\":\"ReadAction\",\"target\":[\"https:\\\/\\\/fpz.unizg.hr\\\/ztl\\\/projekti\\\/\"]}]},{\"@type\":\"BreadcrumbList\",\"@id\":\"https:\\\/\\\/fpz.unizg.hr\\\/ztl\\\/projekti\\\/#breadcrumb\",\"itemListElement\":[{\"@type\":\"ListItem\",\"position\":1,\"name\":\"Home\",\"item\":\"https:\\\/\\\/fpz.unizg.hr\\\/ztl\\\/\"},{\"@type\":\"ListItem\",\"position\":2,\"name\":\"Projekti\"}]},{\"@type\":\"WebSite\",\"@id\":\"https:\\\/\\\/fpz.unizg.hr\\\/ztl\\\/#website\",\"url\":\"https:\\\/\\\/fpz.unizg.hr\\\/ztl\\\/\",\"name\":\"Zavod za transportnu logistiku\",\"description\":\"\",\"publisher\":{\"@id\":\"https:\\\/\\\/fpz.unizg.hr\\\/ztl\\\/#organization\"},\"potentialAction\":[{\"@type\":\"SearchAction\",\"target\":{\"@type\":\"EntryPoint\",\"urlTemplate\":\"https:\\\/\\\/fpz.unizg.hr\\\/ztl\\\/?s={search_term_string}\"},\"query-input\":{\"@type\":\"PropertyValueSpecification\",\"valueRequired\":true,\"valueName\":\"search_term_string\"}}],\"inLanguage\":\"en-US\"},{\"@type\":\"Organization\",\"@id\":\"https:\\\/\\\/fpz.unizg.hr\\\/ztl\\\/#organization\",\"name\":\"Zavod za transportnu logistiku\",\"url\":\"https:\\\/\\\/fpz.unizg.hr\\\/ztl\\\/\",\"logo\":{\"@type\":\"ImageObject\",\"inLanguage\":\"en-US\",\"@id\":\"https:\\\/\\\/fpz.unizg.hr\\\/ztl\\\/#\\\/schema\\\/logo\\\/image\\\/\",\"url\":\"https:\\\/\\\/fpz.unizg.hr\\\/ztl\\\/wp-content\\\/uploads\\\/2022\\\/02\\\/ZTL-Logo.png\",\"contentUrl\":\"https:\\\/\\\/fpz.unizg.hr\\\/ztl\\\/wp-content\\\/uploads\\\/2022\\\/02\\\/ZTL-Logo.png\",\"width\":614,\"height\":406,\"caption\":\"Zavod za transportnu logistiku\"},\"image\":{\"@id\":\"https:\\\/\\\/fpz.unizg.hr\\\/ztl\\\/#\\\/schema\\\/logo\\\/image\\\/\"}}]}<\/script>\r\n<!-- \/ Yoast SEO plugin. -->","yoast_head_json":{"title":"Projekti - Zavod za transportnu logistiku","robots":{"index":"index","follow":"follow","max-snippet":"max-snippet:-1","max-image-preview":"max-image-preview:large","max-video-preview":"max-video-preview:-1"},"canonical":"https:\/\/fpz.unizg.hr\/ztl\/projekti\/","og_locale":"en_US","og_type":"article","og_title":"Projekti - Zavod za transportnu logistiku","og_description":"PROJEKTI Analiza logisti\u010dkih procesa u LDC Sesvete i prijedlozi automatizacije procesa, SL, 2021., stru\u010dni projekt Optimizacija skladi\u0161nog sustava tvrtke Medikor d.o.o, Medikor, 2021., stru\u010dni projekt Analiza potreba za dostavnim mjestima na podru\u010dju tr\u017enica u gradu Zagrebu, GZ 2020, stru\u010dni projekt Optimiranje logisti\u010dkih procesa uklanjanja neispravnih vozila s dr\u017eavnih cesta, HC 2020, stru\u010dni projekt Analiza organizacijske [&hellip;]","og_url":"https:\/\/fpz.unizg.hr\/ztl\/projekti\/","og_site_name":"Zavod za transportnu logistiku","article_modified_time":"2022-03-30T12:19:41+00:00","twitter_card":"summary_large_image","twitter_misc":{"Est. reading time":"1 minute"},"schema":{"@context":"https:\/\/schema.org","@graph":[{"@type":"WebPage","@id":"https:\/\/fpz.unizg.hr\/ztl\/projekti\/","url":"https:\/\/fpz.unizg.hr\/ztl\/projekti\/","name":"Projekti - Zavod za transportnu logistiku","isPartOf":{"@id":"https:\/\/fpz.unizg.hr\/ztl\/#website"},"datePublished":"2013-01-10T10:56:50+00:00","dateModified":"2022-03-30T12:19:41+00:00","breadcrumb":{"@id":"https:\/\/fpz.unizg.hr\/ztl\/projekti\/#breadcrumb"},"inLanguage":"en-US","potentialAction":[{"@type":"ReadAction","target":["https:\/\/fpz.unizg.hr\/ztl\/projekti\/"]}]},{"@type":"BreadcrumbList","@id":"https:\/\/fpz.unizg.hr\/ztl\/projekti\/#breadcrumb","itemListElement":[{"@type":"ListItem","position":1,"name":"Home","item":"https:\/\/fpz.unizg.hr\/ztl\/"},{"@type":"ListItem","position":2,"name":"Projekti"}]},{"@type":"WebSite","@id":"https:\/\/fpz.unizg.hr\/ztl\/#website","url":"https:\/\/fpz.unizg.hr\/ztl\/","name":"Zavod za transportnu logistiku","description":"","publisher":{"@id":"https:\/\/fpz.unizg.hr\/ztl\/#organization"},"potentialAction":[{"@type":"SearchAction","target":{"@type":"EntryPoint","urlTemplate":"https:\/\/fpz.unizg.hr\/ztl\/?s={search_term_string}"},"query-input":{"@type":"PropertyValueSpecification","valueRequired":true,"valueName":"search_term_string"}}],"inLanguage":"en-US"},{"@type":"Organization","@id":"https:\/\/fpz.unizg.hr\/ztl\/#organization","name":"Zavod za transportnu logistiku","url":"https:\/\/fpz.unizg.hr\/ztl\/","logo":{"@type":"ImageObject","inLanguage":"en-US","@id":"https:\/\/fpz.unizg.hr\/ztl\/#\/schema\/logo\/image\/","url":"https:\/\/fpz.unizg.hr\/ztl\/wp-content\/uploads\/2022\/02\/ZTL-Logo.png","contentUrl":"https:\/\/fpz.unizg.hr\/ztl\/wp-content\/uploads\/2022\/02\/ZTL-Logo.png","width":614,"height":406,"caption":"Zavod za transportnu logistiku"},"image":{"@id":"https:\/\/fpz.unizg.hr\/ztl\/#\/schema\/logo\/image\/"}}]}},"_links":{"self":[{"href":"https:\/\/fpz.unizg.hr\/ztl\/wp-json\/wp\/v2\/pages\/31","targetHints":{"allow":["GET"]}}],"collection":[{"href":"https:\/\/fpz.unizg.hr\/ztl\/wp-json\/wp\/v2\/pages"}],"about":[{"href":"https:\/\/fpz.unizg.hr\/ztl\/wp-json\/wp\/v2\/types\/page"}],"author":[{"embeddable":true,"href":"https:\/\/fpz.unizg.hr\/ztl\/wp-json\/wp\/v2\/users\/1"}],"replies":[{"embeddable":true,"href":"https:\/\/fpz.unizg.hr\/ztl\/wp-json\/wp\/v2\/comments?post=31"}],"version-history":[{"count":41,"href":"https:\/\/fpz.unizg.hr\/ztl\/wp-json\/wp\/v2\/pages\/31\/revisions"}],"predecessor-version":[{"id":2280,"href":"https:\/\/fpz.unizg.hr\/ztl\/wp-json\/wp\/v2\/pages\/31\/revisions\/2280"}],"wp:attachment":[{"href":"https:\/\/fpz.unizg.hr\/ztl\/wp-json\/wp\/v2\/media?parent=31"}],"curies":[{"name":"wp","href":"https:\/\/api.w.org\/{rel}","templated":true}]}}